{"id":1321,"date":"2023-12-20T22:44:23","date_gmt":"2023-12-20T22:44:23","guid":{"rendered":"https:\/\/www.premium-libraries.com\/dir\/?post_type=product&#038;p=1321"},"modified":"2025-02-28T07:03:09","modified_gmt":"2025-02-28T07:03:09","slug":"nguyen-phan-que-mai-2","status":"publish","type":"product","link":"https:\/\/www.premium-libraries.com\/dir\/prodotto\/nguyen-phan-que-mai-2\/","title":{"rendered":"Dove vola la polvere"},"content":{"rendered":"<p>Tre vite segnate dalla guerra. Una grande storia di speranza e redenzione.<br \/>\nIl rombo degli elicotteri squarcia il silenzio delle risaie. Poi una raffica di colpi, le esplosioni, il fiume che si tinge di rosso\u2026 Trang ha ancora negli occhi il bombardamento che ha devastato il suo villaggio e, con la famiglia rimasta senza casa e schiacciata dai debiti, capisce che l\u2019unico modo per sopravvivere \u00e8 andare nella capitale, S\u00e0i G\u00f2n, insieme con sua sorella Qu\u1ef3nh. Si dice che, per ragazze carine come loro, l\u00ec sia facile guadagnare. Basta sedersi nei bar a bere con gli americani. La realt\u00e0, per\u00f2, \u00e8 molto pi\u00f9 umiliante. E solo l&#8217;incontro con un ufficiale sensibile e gentile, che la tratta con rispetto, sar\u00e0 per Trang una luce di gioia. Ma di breve durata\u2026<br \/>\nFin dalla nascita, Phong ha avuto una vita durissima. Perch\u00e9 lui \u00e8 \u00abmeno della polvere\u00bb, epiteto con cui vengono insultati i figli nati dalle relazioni tra soldati americani e donne vietnamite. Con la sua pelle nera e i capelli ricci, Phong ha sempre portato il segno della colpa scritto in faccia. Eppure non si \u00e8 mai arreso e, adesso che ha quarant&#8217;anni, spera che quel marchio d&#8217;infamia possa permettere a lui e ai suoi figli di ottenere un visto per gli Stati Uniti. E la sua strada s\u2019incrocer\u00e0 con quella di Dan, un veterano tornato in Vietnam per esorcizzare i fantasmi del passato e fare i conti con un segreto che potrebbe distruggere il suo matrimonio\u2026<\/p>\n","protected":false},"excerpt":{"rendered":"<p>Tre vite segnate dalla guerra. Una grande storia di speranza e redenzione.<br \/>\nIl rombo degli elicotteri squarcia il silenzio delle risaie. Poi una raffica di colpi, le esplosioni, il fiume che si tinge di rosso\u2026 Trang ha ancora negli occhi il bombardamento che ha devastato il suo villaggio e, con la famiglia rimasta senza casa e schiacciata dai debiti, capisce che l\u2019unico modo per sopravvivere \u00e8 andare nella capitale, S\u00e0i G\u00f2n, insieme con sua sorella Qu\u1ef3nh. Si dice che, per ragazze carine come loro, l\u00ec sia facile guadagnare. Basta sedersi nei bar a bere con gli americani. La realt\u00e0, per\u00f2, \u00e8 molto pi\u00f9 umiliante.<\/p>\n","protected":false},"featured_media":1322,"comment_status":"open","ping_status":"closed","template":"","meta":{"_acf_changed":false,"_et_pb_use_builder":"","_et_pb_old_content":"","_et_gb_content_width":""},"anno":[34],"associate-link":[],"autore":[254],"casa-editrice":[36],"dimensione":[255],"ean":[256],"isbn":[257],"lingua":[39],"pagina":[258],"peso":[49],"product_brand":[],"product_cat":[15],"product_tag":[],"class_list":{"0":"post-1321","1":"product","2":"type-product","3":"status-publish","4":"has-post-thumbnail","6":"anno-34","7":"autore-nguyen-phan-que-mai","8":"casa-editrice-nord","9":"dimensione-22-4-x-4-5-x-15-3","10":"ean-978-8842935315","11":"isbn-257","12":"lingua-italiano","13":"pagina-258","14":"peso-49","15":"product_cat-senza-categoria","17":"first","18":"instock","19":"shipping-taxable","20":"purchasable","21":"product-type-simple"},"acf":[],"jetpack_sharing_enabled":true,"_links":{"self":[{"href":"https:\/\/www.premium-libraries.com\/dir\/wp-json\/wp\/v2\/product\/1321","targetHints":{"allow":["GET"]}}],"collection":[{"href":"https:\/\/www.premium-libraries.com\/dir\/wp-json\/wp\/v2\/product"}],"about":[{"href":"https:\/\/www.premium-libraries.com\/dir\/wp-json\/wp\/v2\/types\/product"}],"replies":[{"embeddable":true,"href":"https:\/\/www.premium-libraries.com\/dir\/wp-json\/wp\/v2\/comments?post=1321"}],"wp:featuredmedia":[{"embeddable":true,"href":"https:\/\/www.premium-libraries.com\/dir\/wp-json\/wp\/v2\/media\/1322"}],"wp:attachment":[{"href":"https:\/\/www.premium-libraries.com\/dir\/wp-json\/wp\/v2\/media?parent=1321"}],"wp:term":[{"taxonomy":"anno","embeddable":true,"href":"https:\/\/www.premium-libraries.com\/dir\/wp-json\/wp\/v2\/anno?post=1321"},{"taxonomy":"associate-link","embeddable":true,"href":"https:\/\/www.premium-libraries.com\/dir\/wp-json\/wp\/v2\/associate-link?post=1321"},{"taxonomy":"autore","embeddable":true,"href":"https:\/\/www.premium-libraries.com\/dir\/wp-json\/wp\/v2\/autore?post=1321"},{"taxonomy":"casa-editrice","embeddable":true,"href":"https:\/\/www.premium-libraries.com\/dir\/wp-json\/wp\/v2\/casa-editrice?post=1321"},{"taxonomy":"dimensione","embeddable":true,"href":"https:\/\/www.premium-libraries.com\/dir\/wp-json\/wp\/v2\/dimensione?post=1321"},{"taxonomy":"ean","embeddable":true,"href":"https:\/\/www.premium-libraries.com\/dir\/wp-json\/wp\/v2\/ean?post=1321"},{"taxonomy":"isbn","embeddable":true,"href":"https:\/\/www.premium-libraries.com\/dir\/wp-json\/wp\/v2\/isbn?post=1321"},{"taxonomy":"lingua","embeddable":true,"href":"https:\/\/www.premium-libraries.com\/dir\/wp-json\/wp\/v2\/lingua?post=1321"},{"taxonomy":"pagina","embeddable":true,"href":"https:\/\/www.premium-libraries.com\/dir\/wp-json\/wp\/v2\/pagina?post=1321"},{"taxonomy":"peso","embeddable":true,"href":"https:\/\/www.premium-libraries.com\/dir\/wp-json\/wp\/v2\/peso?post=1321"},{"taxonomy":"product_brand","embeddable":true,"href":"https:\/\/www.premium-libraries.com\/dir\/wp-json\/wp\/v2\/product_brand?post=1321"},{"taxonomy":"product_cat","embeddable":true,"href":"https:\/\/www.premium-libraries.com\/dir\/wp-json\/wp\/v2\/product_cat?post=1321"},{"taxonomy":"product_tag","embeddable":true,"href":"https:\/\/www.premium-libraries.com\/dir\/wp-json\/wp\/v2\/product_tag?post=1321"}],"curies":[{"name":"wp","href":"https:\/\/api.w.org\/{rel}","templated":true}]}}