{"id":1327,"date":"2023-12-20T22:44:26","date_gmt":"2023-12-20T22:44:26","guid":{"rendered":"https:\/\/www.premium-libraries.com\/dir\/?post_type=product&#038;p=1327"},"modified":"2025-02-28T07:03:11","modified_gmt":"2025-02-28T07:03:11","slug":"hart-emilia-2","status":"publish","type":"product","link":"https:\/\/www.premium-libraries.com\/dir\/prodotto\/hart-emilia-2\/","title":{"rendered":"Weyward"},"content":{"rendered":"<p>2019. Con il favore del buio della sera, la trentenne Kate fugge da Londra alla volta del Weyward Cottage, una vecchia casa di campagna ereditata da una prozia che ricorda appena. Avvolta da un giardino incolto su cui torreggia un acero secolare, la dimora la protegger\u00e0 da un uomo pericoloso. Presto, per\u00f2, Kate inizier\u00e0 a capire che le sue mura custodiscono un segreto molto antico.<\/p>\n<p>1942. Mentre la guerra infuria, la sedicenne Violet \u00e8 ostaggio della grande e lugubre tenuta di famiglia. Vorrebbe soltanto arrampicarsi sugli alberi e poter studiare come suo fratello, ma da lei ci si aspetta tutt\u2019altro. Un pensiero inquietante, poi, la tormenta: molti anni fa, poco dopo la sua nascita, la madre \u00e8 scomparsa in circostanze mai chiarite. L\u2019unica traccia di s\u00e9 che ha lasciato \u00e8 un medaglione con incisa la lettera W.<\/p>\n<p>1619. La solitaria Altha, cresciuta da una madre che le ha trasmesso il suo amore per il mondo naturale, viene accusata di stregoneria; rinchiusa nelle segrete di un castello, presto sar\u00e0 processata. Un contadino del villaggio \u00e8 morto dopo essere stato attaccato dalla propria mandria, e la comunit\u00e0 locale, coesa, ha puntato il dito contro di lei: una donna insolita. E le donne insolite fanno paura.<\/p>\n<p>Ma le Weyward appartengono alla natura. E non possono essere addomesticate. Intrecciando con maestria tre storie che attraversano cinque secoli, Emilia Hart ha dato vita a un potente romanzo sulla resilienza femminile e sulla forza salvifica della solidariet\u00e0 tra donne in un mondo dominato dagli uomini.<\/p>\n","protected":false},"excerpt":{"rendered":"<p>2019. Con il favore del buio della sera, la trentenne Kate fugge da Londra alla volta del Weyward Cottage, una vecchia casa di campagna ereditata da una prozia che ricorda appena. Avvolta da un giardino incolto su cui torreggia un acero secolare, la dimora la protegger\u00e0 da un uomo pericoloso. Presto, per\u00f2, Kate inizier\u00e0 a capire che le sue mura custodiscono un segreto molto antico.<\/p>\n<p>1942. Mentre la guerra infuria, la sedicenne Violet \u00e8 ostaggio della grande e lugubre tenuta di famiglia. Vorrebbe soltanto arrampicarsi sugli alberi e poter studiare come suo fratello, ma da lei ci si aspetta tutt\u2019altro. Un pensiero inquietante, poi, la tormenta: molti anni fa, poco dopo la sua nascita, la madre \u00e8 scomparsa in circostanze mai chiarite. L\u2019unica traccia di s\u00e9 che ha lasciato \u00e8 un medaglione con incisa la lettera W.<\/p>\n<p>1619. La solitaria Altha,<\/p>\n","protected":false},"featured_media":1328,"comment_status":"closed","ping_status":"closed","template":"","meta":{"_acf_changed":false,"_et_pb_use_builder":"","_et_pb_old_content":"","_et_gb_content_width":""},"anno":[34],"associate-link":[],"autore":[271],"casa-editrice":[272],"dimensione":[273],"ean":[274],"isbn":[275],"lingua":[39],"pagina":[276],"peso":[277],"product_brand":[],"product_cat":[307],"product_tag":[],"class_list":{"0":"post-1327","1":"product","2":"type-product","3":"status-publish","4":"has-post-thumbnail","6":"anno-34","7":"autore-hart-emilia","8":"casa-editrice-fazi","9":"dimensione-21-3-x-3-3-x-14","10":"ean-979-1259671653","11":"isbn-275","12":"lingua-italiano","13":"pagina-276","14":"peso-277","15":"product_cat-main-page","17":"first","18":"instock","19":"shipping-taxable","20":"purchasable","21":"product-type-simple"},"acf":[],"jetpack_sharing_enabled":true,"_links":{"self":[{"href":"https:\/\/www.premium-libraries.com\/dir\/wp-json\/wp\/v2\/product\/1327","targetHints":{"allow":["GET"]}}],"collection":[{"href":"https:\/\/www.premium-libraries.com\/dir\/wp-json\/wp\/v2\/product"}],"about":[{"href":"https:\/\/www.premium-libraries.com\/dir\/wp-json\/wp\/v2\/types\/product"}],"replies":[{"embeddable":true,"href":"https:\/\/www.premium-libraries.com\/dir\/wp-json\/wp\/v2\/comments?post=1327"}],"wp:featuredmedia":[{"embeddable":true,"href":"https:\/\/www.premium-libraries.com\/dir\/wp-json\/wp\/v2\/media\/1328"}],"wp:attachment":[{"href":"https:\/\/www.premium-libraries.com\/dir\/wp-json\/wp\/v2\/media?parent=1327"}],"wp:term":[{"taxonomy":"anno","embeddable":true,"href":"https:\/\/www.premium-libraries.com\/dir\/wp-json\/wp\/v2\/anno?post=1327"},{"taxonomy":"associate-link","embeddable":true,"href":"https:\/\/www.premium-libraries.com\/dir\/wp-json\/wp\/v2\/associate-link?post=1327"},{"taxonomy":"autore","embeddable":true,"href":"https:\/\/www.premium-libraries.com\/dir\/wp-json\/wp\/v2\/autore?post=1327"},{"taxonomy":"casa-editrice","embeddable":true,"href":"https:\/\/www.premium-libraries.com\/dir\/wp-json\/wp\/v2\/casa-editrice?post=1327"},{"taxonomy":"dimensione","embeddable":true,"href":"https:\/\/www.premium-libraries.com\/dir\/wp-json\/wp\/v2\/dimensione?post=1327"},{"taxonomy":"ean","embeddable":true,"href":"https:\/\/www.premium-libraries.com\/dir\/wp-json\/wp\/v2\/ean?post=1327"},{"taxonomy":"isbn","embeddable":true,"href":"https:\/\/www.premium-libraries.com\/dir\/wp-json\/wp\/v2\/isbn?post=1327"},{"taxonomy":"lingua","embeddable":true,"href":"https:\/\/www.premium-libraries.com\/dir\/wp-json\/wp\/v2\/lingua?post=1327"},{"taxonomy":"pagina","embeddable":true,"href":"https:\/\/www.premium-libraries.com\/dir\/wp-json\/wp\/v2\/pagina?post=1327"},{"taxonomy":"peso","embeddable":true,"href":"https:\/\/www.premium-libraries.com\/dir\/wp-json\/wp\/v2\/peso?post=1327"},{"taxonomy":"product_brand","embeddable":true,"href":"https:\/\/www.premium-libraries.com\/dir\/wp-json\/wp\/v2\/product_brand?post=1327"},{"taxonomy":"product_cat","embeddable":true,"href":"https:\/\/www.premium-libraries.com\/dir\/wp-json\/wp\/v2\/product_cat?post=1327"},{"taxonomy":"product_tag","embeddable":true,"href":"https:\/\/www.premium-libraries.com\/dir\/wp-json\/wp\/v2\/product_tag?post=1327"}],"curies":[{"name":"wp","href":"https:\/\/api.w.org\/{rel}","templated":true}]}}