{"id":1334,"date":"2023-12-20T22:44:31","date_gmt":"2023-12-20T22:44:31","guid":{"rendered":"https:\/\/www.premium-libraries.com\/dir\/?post_type=product&#038;p=1334"},"modified":"2025-02-28T07:03:17","modified_gmt":"2025-02-28T07:03:17","slug":"dalessio-ida-2","status":"publish","type":"product","link":"https:\/\/www.premium-libraries.com\/dir\/prodotto\/dalessio-ida-2\/","title":{"rendered":"Basic financial accounting 2023. contabilit\u00e0 e bilancio. con espansione online"},"content":{"rendered":"<p>Pi\u00f9 di 1000 esercizi online. Basic Financial Accounting fa parte del progetto @gile-Guerini Interactive Learning Empowerment finalizzato all&#8217;integrazione degli strumenti didattici, i libri e le risorse online, nell&#8217;era digitale. Il manuale cartaceo \u00e8 corredato da un eserciziario digitale composto da pi\u00f9 di 500 esercizi, esercitazioni e test di autovalutazione, domande a risposta chiusa e a risposte multiple, suddivisi per gradi di difficolt\u00e0 e presentati in modo coerente allo sviluppo dei diversi capitoli o in modalit\u00e0 random, che ti permetteranno di meglio apprendere le modalit\u00e0 di composizione di analisi del bilancio di esercizio. Gli esercizi contenuti nella piattaforma formano esercitazioni che attraverso livelli di difficolt\u00e0 via via crescenti permettono di prepararti in modo adeguato all&#8217;esame finale. Durante lo svolgimento degli esercizi, delle esercitazioni, o dei test potrai consultare, in qualsiasi momento, la versione digitale del manuale, disponibile in piattaforma. Accedere alla parte on line \u00e8 semplicissimo: \u00e8 sufficiente iscriversi al portale http:\/\/guerininext.education tramite il codice scratch off presente all&#8217;interno del volume.<\/p>\n","protected":false},"excerpt":{"rendered":"<p>Pi\u00f9 di 1000 esercizi online. Basic Financial Accounting fa parte del progetto @gile-Guerini Interactive Learning Empowerment finalizzato all&#8217;integrazione degli strumenti didattici, i libri e le risorse online, nell&#8217;era digitale. Il manuale cartaceo \u00e8 corredato da un eserciziario digitale composto da pi\u00f9 di 500 esercizi, esercitazioni e test di autovalutazione, domande a risposta chiusa e a risposte multiple, suddivisi per gradi di difficolt\u00e0 e presentati in modo coerente allo sviluppo dei diversi capitoli o in modalit\u00e0 random, che ti permetteranno di meglio apprendere le modalit\u00e0 di composizione di analisi del bilancio di esercizio. Gli esercizi contenuti nella piattaforma formano esercitazioni che attraverso livelli di difficolt\u00e0 via via crescenti permettono di prepararti in modo adeguato all&#8217;esame finale.<\/p>\n","protected":false},"featured_media":1335,"comment_status":"closed","ping_status":"closed","template":"","meta":{"_acf_changed":false,"_et_pb_use_builder":"","_et_pb_old_content":"","_et_gb_content_width":""},"anno":[34],"associate-link":[],"autore":[298],"casa-editrice":[299],"dimensione":[300],"ean":[301],"isbn":[302],"lingua":[39],"pagina":[303],"peso":[304],"product_brand":[],"product_cat":[21],"product_tag":[],"class_list":{"0":"post-1334","1":"product","2":"type-product","3":"status-publish","4":"has-post-thumbnail","6":"anno-34","7":"autore-dalessio-ida","8":"casa-editrice-guerini-next","9":"dimensione-26-2-x-2-3-x-19-3","10":"ean-978-8868964627","11":"isbn-302","12":"lingua-italiano","13":"pagina-303","14":"peso-304","15":"product_cat-economia-management","17":"first","18":"instock","19":"shipping-taxable","20":"purchasable","21":"product-type-simple"},"acf":[],"jetpack_sharing_enabled":true,"_links":{"self":[{"href":"https:\/\/www.premium-libraries.com\/dir\/wp-json\/wp\/v2\/product\/1334","targetHints":{"allow":["GET"]}}],"collection":[{"href":"https:\/\/www.premium-libraries.com\/dir\/wp-json\/wp\/v2\/product"}],"about":[{"href":"https:\/\/www.premium-libraries.com\/dir\/wp-json\/wp\/v2\/types\/product"}],"replies":[{"embeddable":true,"href":"https:\/\/www.premium-libraries.com\/dir\/wp-json\/wp\/v2\/comments?post=1334"}],"wp:featuredmedia":[{"embeddable":true,"href":"https:\/\/www.premium-libraries.com\/dir\/wp-json\/wp\/v2\/media\/1335"}],"wp:attachment":[{"href":"https:\/\/www.premium-libraries.com\/dir\/wp-json\/wp\/v2\/media?parent=1334"}],"wp:term":[{"taxonomy":"anno","embeddable":true,"href":"https:\/\/www.premium-libraries.com\/dir\/wp-json\/wp\/v2\/anno?post=1334"},{"taxonomy":"associate-link","embeddable":true,"href":"https:\/\/www.premium-libraries.com\/dir\/wp-json\/wp\/v2\/associate-link?post=1334"},{"taxonomy":"autore","embeddable":true,"href":"https:\/\/www.premium-libraries.com\/dir\/wp-json\/wp\/v2\/autore?post=1334"},{"taxonomy":"casa-editrice","embeddable":true,"href":"https:\/\/www.premium-libraries.com\/dir\/wp-json\/wp\/v2\/casa-editrice?post=1334"},{"taxonomy":"dimensione","embeddable":true,"href":"https:\/\/www.premium-libraries.com\/dir\/wp-json\/wp\/v2\/dimensione?post=1334"},{"taxonomy":"ean","embeddable":true,"href":"https:\/\/www.premium-libraries.com\/dir\/wp-json\/wp\/v2\/ean?post=1334"},{"taxonomy":"isbn","embeddable":true,"href":"https:\/\/www.premium-libraries.com\/dir\/wp-json\/wp\/v2\/isbn?post=1334"},{"taxonomy":"lingua","embeddable":true,"href":"https:\/\/www.premium-libraries.com\/dir\/wp-json\/wp\/v2\/lingua?post=1334"},{"taxonomy":"pagina","embeddable":true,"href":"https:\/\/www.premium-libraries.com\/dir\/wp-json\/wp\/v2\/pagina?post=1334"},{"taxonomy":"peso","embeddable":true,"href":"https:\/\/www.premium-libraries.com\/dir\/wp-json\/wp\/v2\/peso?post=1334"},{"taxonomy":"product_brand","embeddable":true,"href":"https:\/\/www.premium-libraries.com\/dir\/wp-json\/wp\/v2\/product_brand?post=1334"},{"taxonomy":"product_cat","embeddable":true,"href":"https:\/\/www.premium-libraries.com\/dir\/wp-json\/wp\/v2\/product_cat?post=1334"},{"taxonomy":"product_tag","embeddable":true,"href":"https:\/\/www.premium-libraries.com\/dir\/wp-json\/wp\/v2\/product_tag?post=1334"}],"curies":[{"name":"wp","href":"https:\/\/api.w.org\/{rel}","templated":true}]}}