{"id":2180,"date":"2025-01-30T21:27:40","date_gmt":"2025-01-30T21:27:40","guid":{"rendered":"https:\/\/www.premium-libraries.com\/dir\/?post_type=product&#038;p=2180"},"modified":"2025-02-28T07:03:26","modified_gmt":"2025-02-28T07:03:26","slug":"fabio-volo","status":"publish","type":"product","link":"https:\/\/www.premium-libraries.com\/dir\/prodotto\/fabio-volo\/","title":{"rendered":"Balleremo la musica che suonano"},"content":{"rendered":"<p>Questa \u00e8 la storia di un ragazzo che sentiva di non trovarsi nel posto giusto. E cos\u00ec \u00e8 andato a cercarsene un altro. In famiglia c&#8217;erano pochi soldi: quando si andava in pizzeria si sceglieva il piatto che costava meno, non quello che piaceva davvero. Il suo destino sembrava gi\u00e0 segnato. Non aveva un talento particolare a cui affidarsi n\u00e9 un grande sogno da inseguire, e ogni volta che cercava di esprimere un desiderio trovava qualcuno che gli diceva che non era per lui. Cos\u00ec si era convinto che certi pensieri non se li poteva permettere. Un giorno questo ragazzo scopre i libri in una maniera tutta diversa da come li aveva conosciuti a scuola. E ne rimane folgorato. Le pagine di Hermann Hesse, Gabriel Garc\u00eda M\u00e1rquez, Jack London, Joseph Conrad lo spingono ad alzare lo sguardo sopra tutte le seccature e dirsi: ci deve essere uno spazio anche per me da qualche parte. D&#8217;un tratto la sua vita non gli calza pi\u00f9, come una scarpa di un numero pi\u00f9 piccolo. La lettura gli ha mostrato una via di fuga e trasmesso il coraggio per imboccarla. Ma cercare la propria strada talvolta vuol dire ferire chi resta, come quel padre che fino ad allora era stato il suo grande eroe triste. Perch\u00e9 un figlio che ha un genitore infelice si sente in colpa a toccare la felicit\u00e0 con mano. In questo libro per la prima volta Fabio Volo abbandona la finzione del romanzo e racconta la propria storia personale senza filtri. Episodi commoventi si alternano ad altri di grande ispirazione, a scene pi\u00f9 scanzonate e divertenti. Pagine scritte con una semplicit\u00e0 e un&#8217;autenticit\u00e0 che si fanno cifra stilistica, la stessa che negli anni lo ha portato a essere amato da cos\u00ec tanti lettori. &#8220;Balleremo la musica che suonano&#8221; \u00e8 uno dei suoi libri pi\u00f9 intimi e sinceri, un libro che d\u00e0 forza e trasmette tenerezza.<\/p>\n","protected":false},"excerpt":{"rendered":"<p>Questa \u00e8 la storia di un ragazzo che sentiva di non trovarsi nel posto giusto. E cos\u00ec \u00e8 andato a cercarsene un altro. In famiglia c&#8217;erano pochi soldi: quando si andava in pizzeria si sceglieva il piatto che costava meno, non quello che piaceva davvero. Il suo destino sembrava gi\u00e0 segnato. Non aveva un talento [&hellip;]<\/p>\n","protected":false},"featured_media":0,"comment_status":"open","ping_status":"closed","template":"","meta":{"_acf_changed":false,"_et_pb_use_builder":"","_et_pb_old_content":"","_et_gb_content_width":""},"anno":[340],"associate-link":[],"autore":[341],"casa-editrice":[109],"dimensione":[342],"ean":[343],"isbn":[],"lingua":[39],"pagina":[344],"peso":[345],"product_brand":[],"product_cat":[],"product_tag":[],"class_list":{"0":"post-2180","1":"product","2":"type-product","3":"status-publish","5":"anno-22-10-2024","6":"autore-fabio-volo","7":"casa-editrice-mondadori","8":"dimensione-14-6-x-2-2-x-22-1-cm","9":"ean-343","10":"lingua-italiano","11":"pagina-344","12":"peso-345","14":"first","15":"instock","16":"shipping-taxable","17":"product-type-simple"},"acf":[],"jetpack_sharing_enabled":true,"_links":{"self":[{"href":"https:\/\/www.premium-libraries.com\/dir\/wp-json\/wp\/v2\/product\/2180","targetHints":{"allow":["GET"]}}],"collection":[{"href":"https:\/\/www.premium-libraries.com\/dir\/wp-json\/wp\/v2\/product"}],"about":[{"href":"https:\/\/www.premium-libraries.com\/dir\/wp-json\/wp\/v2\/types\/product"}],"replies":[{"embeddable":true,"href":"https:\/\/www.premium-libraries.com\/dir\/wp-json\/wp\/v2\/comments?post=2180"}],"wp:attachment":[{"href":"https:\/\/www.premium-libraries.com\/dir\/wp-json\/wp\/v2\/media?parent=2180"}],"wp:term":[{"taxonomy":"anno","embeddable":true,"href":"https:\/\/www.premium-libraries.com\/dir\/wp-json\/wp\/v2\/anno?post=2180"},{"taxonomy":"associate-link","embeddable":true,"href":"https:\/\/www.premium-libraries.com\/dir\/wp-json\/wp\/v2\/associate-link?post=2180"},{"taxonomy":"autore","embeddable":true,"href":"https:\/\/www.premium-libraries.com\/dir\/wp-json\/wp\/v2\/autore?post=2180"},{"taxonomy":"casa-editrice","embeddable":true,"href":"https:\/\/www.premium-libraries.com\/dir\/wp-json\/wp\/v2\/casa-editrice?post=2180"},{"taxonomy":"dimensione","embeddable":true,"href":"https:\/\/www.premium-libraries.com\/dir\/wp-json\/wp\/v2\/dimensione?post=2180"},{"taxonomy":"ean","embeddable":true,"href":"https:\/\/www.premium-libraries.com\/dir\/wp-json\/wp\/v2\/ean?post=2180"},{"taxonomy":"isbn","embeddable":true,"href":"https:\/\/www.premium-libraries.com\/dir\/wp-json\/wp\/v2\/isbn?post=2180"},{"taxonomy":"lingua","embeddable":true,"href":"https:\/\/www.premium-libraries.com\/dir\/wp-json\/wp\/v2\/lingua?post=2180"},{"taxonomy":"pagina","embeddable":true,"href":"https:\/\/www.premium-libraries.com\/dir\/wp-json\/wp\/v2\/pagina?post=2180"},{"taxonomy":"peso","embeddable":true,"href":"https:\/\/www.premium-libraries.com\/dir\/wp-json\/wp\/v2\/peso?post=2180"},{"taxonomy":"product_brand","embeddable":true,"href":"https:\/\/www.premium-libraries.com\/dir\/wp-json\/wp\/v2\/product_brand?post=2180"},{"taxonomy":"product_cat","embeddable":true,"href":"https:\/\/www.premium-libraries.com\/dir\/wp-json\/wp\/v2\/product_cat?post=2180"},{"taxonomy":"product_tag","embeddable":true,"href":"https:\/\/www.premium-libraries.com\/dir\/wp-json\/wp\/v2\/product_tag?post=2180"}],"curies":[{"name":"wp","href":"https:\/\/api.w.org\/{rel}","templated":true}]}}