{"id":2315,"date":"2025-02-09T21:32:42","date_gmt":"2025-02-09T21:32:42","guid":{"rendered":"https:\/\/www.premium-libraries.com\/dir\/?post_type=product&#038;p=2315"},"modified":"2025-02-28T07:05:39","modified_gmt":"2025-02-28T07:05:39","slug":"patricia-d-cornwell-sara-crimi-laura-tasso-2","status":"publish","type":"product","link":"https:\/\/www.premium-libraries.com\/dir\/prodotto\/patricia-d-cornwell-sara-crimi-laura-tasso-2\/","title":{"rendered":"Identit\u00e0 sconosciuta"},"content":{"rendered":"<p>Le autopsie possono rivelare i segreti dei defunti. E questa vittima sta inviando a Kay Scarpetta un messaggio. Mentre \u00e8 impegnata nel caso di omicidio di una bambina, la anatomopatologa Kay Scarpetta viene convocata in un parco a tema abbandonato per recuperare un cadavere, ed \u00e8 sconvolta nell&#8217;apprendere che la vittima \u00e8 l&#8217;astrofisico Sal Giordano, vincitore di un premio Nobel e collaboratore della Casa Bianca, ma soprattutto l&#8217;uomo di cui Kay un tempo era innamorata. Quando insegnava a Roma agli inizi della sua carriera, Scarpetta aveva avuto con lui un&#8217;intensa storia d&#8217;amore, sfociata in un&#8217;amicizia durata tutta la vita. La scena del delitto \u00e8 bizzarra, con un cerchio di petali di fiori di melo intorno al corpo di Giordano, la cui pelle \u00e8 stranamente arrossata. Proprietario dell&#8217;inquietante luna park \u00e8 Ryder Briley, il padre della bimba uccisa. C&#8217;\u00e8 forse un collegamento tra le due morti? Lucy, la nipote di Scarpetta, crede che Giordano sia caduto da un mezzo volante non identificato. Scarpetta sa che l&#8217;autopsia pu\u00f2 rivelare molti segreti relativi al defunto, ma \u00e8 scioccata nel constatare che l&#8217;amico sembra averle lasciato deliberatamente un indizio. Gli investigatori sono combattuti tra ipotesi che coinvolgono forze ultraterrene e sospetti su Giordano stesso, ma Scarpetta individua una traccia pi\u00f9 vicina a casa, e molto pi\u00f9 temibile.<\/p>\n","protected":false},"excerpt":{"rendered":"<p>Le autopsie possono rivelare i segreti dei defunti. E questa vittima sta inviando a Kay Scarpetta un messaggio. Mentre \u00e8 impegnata nel caso di omicidio di una bambina, la anatomopatologa Kay Scarpetta viene convocata in un parco a tema abbandonato per recuperare un cadavere, ed \u00e8 sconvolta nell&#8217;apprendere che la vittima \u00e8 l&#8217;astrofisico Sal Giordano, [&hellip;]<\/p>\n","protected":false},"featured_media":0,"comment_status":"open","ping_status":"closed","template":"","meta":{"_acf_changed":false,"_et_pb_use_builder":"","_et_pb_old_content":"","_et_gb_content_width":""},"anno":[406],"associate-link":[],"autore":[488],"casa-editrice":[489],"dimensione":[490],"ean":[491],"isbn":[],"lingua":[39],"pagina":[328],"peso":[253],"product_brand":[],"product_cat":[],"product_tag":[],"class_list":{"0":"post-2315","1":"product","2":"type-product","3":"status-publish","5":"anno-24-9-2024","6":"autore-patricia-d-cornwell-sara-crimi-laura-tasso","7":"casa-editrice-harpercollins-italia","8":"dimensione-15-3-x-3-1-x-22-7-cm","9":"ean-491","10":"lingua-italiano","11":"pagina-328","12":"peso-253","14":"first","15":"instock","16":"shipping-taxable","17":"purchasable","18":"product-type-simple"},"acf":[],"jetpack_sharing_enabled":true,"_links":{"self":[{"href":"https:\/\/www.premium-libraries.com\/dir\/wp-json\/wp\/v2\/product\/2315","targetHints":{"allow":["GET"]}}],"collection":[{"href":"https:\/\/www.premium-libraries.com\/dir\/wp-json\/wp\/v2\/product"}],"about":[{"href":"https:\/\/www.premium-libraries.com\/dir\/wp-json\/wp\/v2\/types\/product"}],"replies":[{"embeddable":true,"href":"https:\/\/www.premium-libraries.com\/dir\/wp-json\/wp\/v2\/comments?post=2315"}],"wp:attachment":[{"href":"https:\/\/www.premium-libraries.com\/dir\/wp-json\/wp\/v2\/media?parent=2315"}],"wp:term":[{"taxonomy":"anno","embeddable":true,"href":"https:\/\/www.premium-libraries.com\/dir\/wp-json\/wp\/v2\/anno?post=2315"},{"taxonomy":"associate-link","embeddable":true,"href":"https:\/\/www.premium-libraries.com\/dir\/wp-json\/wp\/v2\/associate-link?post=2315"},{"taxonomy":"autore","embeddable":true,"href":"https:\/\/www.premium-libraries.com\/dir\/wp-json\/wp\/v2\/autore?post=2315"},{"taxonomy":"casa-editrice","embeddable":true,"href":"https:\/\/www.premium-libraries.com\/dir\/wp-json\/wp\/v2\/casa-editrice?post=2315"},{"taxonomy":"dimensione","embeddable":true,"href":"https:\/\/www.premium-libraries.com\/dir\/wp-json\/wp\/v2\/dimensione?post=2315"},{"taxonomy":"ean","embeddable":true,"href":"https:\/\/www.premium-libraries.com\/dir\/wp-json\/wp\/v2\/ean?post=2315"},{"taxonomy":"isbn","embeddable":true,"href":"https:\/\/www.premium-libraries.com\/dir\/wp-json\/wp\/v2\/isbn?post=2315"},{"taxonomy":"lingua","embeddable":true,"href":"https:\/\/www.premium-libraries.com\/dir\/wp-json\/wp\/v2\/lingua?post=2315"},{"taxonomy":"pagina","embeddable":true,"href":"https:\/\/www.premium-libraries.com\/dir\/wp-json\/wp\/v2\/pagina?post=2315"},{"taxonomy":"peso","embeddable":true,"href":"https:\/\/www.premium-libraries.com\/dir\/wp-json\/wp\/v2\/peso?post=2315"},{"taxonomy":"product_brand","embeddable":true,"href":"https:\/\/www.premium-libraries.com\/dir\/wp-json\/wp\/v2\/product_brand?post=2315"},{"taxonomy":"product_cat","embeddable":true,"href":"https:\/\/www.premium-libraries.com\/dir\/wp-json\/wp\/v2\/product_cat?post=2315"},{"taxonomy":"product_tag","embeddable":true,"href":"https:\/\/www.premium-libraries.com\/dir\/wp-json\/wp\/v2\/product_tag?post=2315"}],"curies":[{"name":"wp","href":"https:\/\/api.w.org\/{rel}","templated":true}]}}