{"id":247,"date":"2023-08-13T17:35:12","date_gmt":"2023-08-13T17:35:12","guid":{"rendered":"https:\/\/www.premium-libraries.com\/dir\/?post_type=product&#038;p=247"},"modified":"2025-02-28T07:02:34","modified_gmt":"2025-02-28T07:02:34","slug":"al-di-qua-del-fiume-il-sogno-della-famiglia-crespi","status":"publish","type":"product","link":"https:\/\/www.premium-libraries.com\/dir\/prodotto\/al-di-qua-del-fiume-il-sogno-della-famiglia-crespi\/","title":{"rendered":"AL DI QUA DEL FIUME. Il sogno della famiglia Crespi"},"content":{"rendered":"<p>\u00c8 solo un triangolo di terra delimitato dal fiume Adda, lo si pu\u00f2 abbracciare con uno sguardo. Ma, nel 1877, agli occhi di Cristoforo Crespi rappresenta il futuro. Lui, figlio di un tengitt, di un tintore, l\u00ec far\u00e0 sorgere un cotonificio all&#8217;avanguardia e, soprattutto, un villaggio per gli operai come mai si \u00e8 visto in Italia, con la sua chiesa, la sua scuola, case accoglienti con giardino. Si giocher\u00e0 tutto quello che ha, Cristoforo, per realizzare quel sogno. I soldi, la reputazione e anche il rapporto col fratello Benigno, ammaliato dalle sirene della nobilt\u00e0 di Milano e dal prestigio di possedere un giornale. Per Cristoforo, invece, ci\u00f2 che conta \u00e8 produrre qualcosa di concreto e cambiare in meglio la vita dei suoi operai. E la vita della giovane Emilia cambia il giorno in cui si trasferisce nel nuovo villaggio. Figlia di uno dei pi\u00f9 fedeli operai dei Crespi, e con una madre tormentata da cupe premonizioni del futuro, Emilia \u00e8 spettatrice della creazione di un mondo autosufficiente al di qua del fiume, e la sua esistenza, nel corso degli anni, si legher\u00e0 ineluttabilmente a quella degli altri abitanti di Crespi d&#8217;Adda. Come la famiglia Malberti, l&#8217;anima nera del villaggio, o gli Agazzi, idealisti e ribelli. Con loro, Emilia vive i piccoli e grandi stravolgimenti di quel microcosmo e affronta le tempeste della Storia: i moti per il pane del 1898, la prima guerra mondiale, le sollevazioni operaie&#8230; Tuttavia il destino far\u00e0 incrociare la sua strada anche con quella di Silvio Crespi, erede dell&#8217;azienda e della visione del padre Cristoforo. Nonostante l&#8217;abisso sociale che li divide, tra i due s&#8217;instaura un rapporto speciale che resister\u00e0 nel tempo, e sar\u00e0 Emilia il sostegno di Silvio nel momento in cui i Crespi &#8211; forse diventati troppo ricchi, troppo orgogliosi, troppo arroganti &#8211; rischieranno di perdere tutto. Fino all&#8217;avvento del fascismo, quando il villaggio Crespi, come il resto del Paese, non sar\u00e0 pi\u00f9 lo stesso. Il racconto appassionato dell&#8217;intreccio di destini tra imprenditori visionari e coraggiosi e famiglie operaie: speranze, drammi, vendette e amori in un grandioso ed emozionante affresco storico.<\/p>\n","protected":false},"excerpt":{"rendered":"<p>\u00c8 solo un triangolo di terra delimitato dal fiume Adda, lo si pu\u00f2 abbracciare con uno sguardo. Ma, nel 1877, agli occhi di Cristoforo Crespi rappresenta il futuro. Lui, figlio di un tengitt, di un tintore, l\u00ec far\u00e0 sorgere un cotonificio all&#8217;avanguardia e, soprattutto, un villaggio per gli operai come mai si \u00e8 visto in Italia, con la sua chiesa, la sua scuola, case accoglienti con giardino. Si giocher\u00e0 tutto quello che ha, Cristoforo, per<\/p>\n","protected":false},"featured_media":248,"comment_status":"closed","ping_status":"closed","template":"","meta":{"_acf_changed":false,"_et_pb_use_builder":"","_et_pb_old_content":"","_et_gb_content_width":""},"anno":[41],"associate-link":[],"autore":[42],"casa-editrice":[36],"dimensione":[46],"ean":[51],"isbn":[52],"lingua":[39],"pagina":[45],"peso":[47],"product_brand":[],"product_cat":[15],"product_tag":[32,33],"class_list":{"0":"post-247","1":"product","2":"type-product","3":"status-publish","4":"has-post-thumbnail","6":"anno-41","7":"autore-alessandra-selmi","8":"casa-editrice-nord","9":"dimensione-22-5-x-4-8-x-15-2","10":"ean-978-8842932277","11":"isbn-52","12":"lingua-italiano","13":"pagina-45","14":"peso-47","15":"product_cat-senza-categoria","16":"product_tag-libro","17":"product_tag-soft-cover","19":"first","20":"instock","21":"shipping-taxable","22":"purchasable","23":"product-type-simple"},"acf":[],"jetpack_sharing_enabled":true,"_links":{"self":[{"href":"https:\/\/www.premium-libraries.com\/dir\/wp-json\/wp\/v2\/product\/247","targetHints":{"allow":["GET"]}}],"collection":[{"href":"https:\/\/www.premium-libraries.com\/dir\/wp-json\/wp\/v2\/product"}],"about":[{"href":"https:\/\/www.premium-libraries.com\/dir\/wp-json\/wp\/v2\/types\/product"}],"replies":[{"embeddable":true,"href":"https:\/\/www.premium-libraries.com\/dir\/wp-json\/wp\/v2\/comments?post=247"}],"wp:featuredmedia":[{"embeddable":true,"href":"https:\/\/www.premium-libraries.com\/dir\/wp-json\/wp\/v2\/media\/248"}],"wp:attachment":[{"href":"https:\/\/www.premium-libraries.com\/dir\/wp-json\/wp\/v2\/media?parent=247"}],"wp:term":[{"taxonomy":"anno","embeddable":true,"href":"https:\/\/www.premium-libraries.com\/dir\/wp-json\/wp\/v2\/anno?post=247"},{"taxonomy":"associate-link","embeddable":true,"href":"https:\/\/www.premium-libraries.com\/dir\/wp-json\/wp\/v2\/associate-link?post=247"},{"taxonomy":"autore","embeddable":true,"href":"https:\/\/www.premium-libraries.com\/dir\/wp-json\/wp\/v2\/autore?post=247"},{"taxonomy":"casa-editrice","embeddable":true,"href":"https:\/\/www.premium-libraries.com\/dir\/wp-json\/wp\/v2\/casa-editrice?post=247"},{"taxonomy":"dimensione","embeddable":true,"href":"https:\/\/www.premium-libraries.com\/dir\/wp-json\/wp\/v2\/dimensione?post=247"},{"taxonomy":"ean","embeddable":true,"href":"https:\/\/www.premium-libraries.com\/dir\/wp-json\/wp\/v2\/ean?post=247"},{"taxonomy":"isbn","embeddable":true,"href":"https:\/\/www.premium-libraries.com\/dir\/wp-json\/wp\/v2\/isbn?post=247"},{"taxonomy":"lingua","embeddable":true,"href":"https:\/\/www.premium-libraries.com\/dir\/wp-json\/wp\/v2\/lingua?post=247"},{"taxonomy":"pagina","embeddable":true,"href":"https:\/\/www.premium-libraries.com\/dir\/wp-json\/wp\/v2\/pagina?post=247"},{"taxonomy":"peso","embeddable":true,"href":"https:\/\/www.premium-libraries.com\/dir\/wp-json\/wp\/v2\/peso?post=247"},{"taxonomy":"product_brand","embeddable":true,"href":"https:\/\/www.premium-libraries.com\/dir\/wp-json\/wp\/v2\/product_brand?post=247"},{"taxonomy":"product_cat","embeddable":true,"href":"https:\/\/www.premium-libraries.com\/dir\/wp-json\/wp\/v2\/product_cat?post=247"},{"taxonomy":"product_tag","embeddable":true,"href":"https:\/\/www.premium-libraries.com\/dir\/wp-json\/wp\/v2\/product_tag?post=247"}],"curies":[{"name":"wp","href":"https:\/\/api.w.org\/{rel}","templated":true}]}}