{"id":2630,"date":"2025-02-28T07:28:49","date_gmt":"2025-02-28T07:28:49","guid":{"rendered":"https:\/\/www.premium-libraries.com\/dir\/?post_type=product&#038;p=2630"},"modified":"2025-02-28T07:28:49","modified_gmt":"2025-02-28T07:28:49","slug":"alice-hemming-5","status":"publish","type":"product","link":"https:\/\/www.premium-libraries.com\/dir\/prodotto\/alice-hemming-5\/","title":{"rendered":"Il ladro di neve. Ediz. a colori"},"content":{"rendered":"<p>Scoiattolo \u00e8 confuso! Che cos\u2019\u00e8 tutto quel bianco? E perch\u00e9 fa cos\u00ec freddo? Ma soprattutto\u2026 chi \u00e8 stato a rubare le sue nocciole? Vuoi vedere che nel bosco si nasconde un ladro di neve? Scoiattolo ne \u00e8 certo. Uccello invece no. Chi avr\u00e0 ragione? Una nuova avventura dello scoiattolo pi\u00f9 buffo del bosco, sbalordito dallo scorrere delle stagioni. Un libro illustrato per bambini dai 4 anni, esilarante seguito de &#8220;Il ladro di foglie&#8221; e &#8220;Quel fiore \u00e8 mio!&#8221; di Alice Hemming e Nicola Slater. Una storia divertente, accompagnata da simpatiche e colorate illustrazioni, per scoprire, divertendosi, il fascino dell&#8217;inverno. Un album corredato da una breve appendice che spiega ai pi\u00f9 piccoli il ciclo delle stagioni. Et\u00e0 di lettura: da 4 anni.<\/p>\n","protected":false},"excerpt":{"rendered":"<p>Scoiattolo \u00e8 confuso! Che cos\u2019\u00e8 tutto quel bianco? E perch\u00e9 fa cos\u00ec freddo? Ma soprattutto\u2026 chi \u00e8 stato a rubare le sue nocciole? Vuoi vedere che nel bosco si nasconde un ladro di neve? Scoiattolo ne \u00e8 certo. Uccello invece no. Chi avr\u00e0 ragione? Una nuova avventura dello scoiattolo pi\u00f9 buffo del bosco, sbalordito dallo [&hellip;]<\/p>\n","protected":false},"featured_media":0,"comment_status":"open","ping_status":"closed","template":"","meta":{"_acf_changed":false,"_et_pb_use_builder":"","_et_pb_old_content":"","_et_gb_content_width":""},"anno":[516],"associate-link":[],"autore":[517],"casa-editrice":[518],"dimensione":[519],"ean":[520],"isbn":[],"lingua":[39],"pagina":[521],"peso":[357],"product_brand":[],"product_cat":[],"product_tag":[],"class_list":{"0":"post-2630","1":"product","2":"type-product","3":"status-publish","5":"anno-8-10-2024","6":"autore-alice-hemming","7":"casa-editrice-emme-edizioni","8":"dimensione-25-5-x-0-9-x-28-3-cm","9":"ean-520","10":"lingua-italiano","11":"pagina-521","12":"peso-357","14":"first","15":"instock","16":"shipping-taxable","17":"purchasable","18":"product-type-simple"},"acf":[],"jetpack_sharing_enabled":true,"_links":{"self":[{"href":"https:\/\/www.premium-libraries.com\/dir\/wp-json\/wp\/v2\/product\/2630","targetHints":{"allow":["GET"]}}],"collection":[{"href":"https:\/\/www.premium-libraries.com\/dir\/wp-json\/wp\/v2\/product"}],"about":[{"href":"https:\/\/www.premium-libraries.com\/dir\/wp-json\/wp\/v2\/types\/product"}],"replies":[{"embeddable":true,"href":"https:\/\/www.premium-libraries.com\/dir\/wp-json\/wp\/v2\/comments?post=2630"}],"wp:attachment":[{"href":"https:\/\/www.premium-libraries.com\/dir\/wp-json\/wp\/v2\/media?parent=2630"}],"wp:term":[{"taxonomy":"anno","embeddable":true,"href":"https:\/\/www.premium-libraries.com\/dir\/wp-json\/wp\/v2\/anno?post=2630"},{"taxonomy":"associate-link","embeddable":true,"href":"https:\/\/www.premium-libraries.com\/dir\/wp-json\/wp\/v2\/associate-link?post=2630"},{"taxonomy":"autore","embeddable":true,"href":"https:\/\/www.premium-libraries.com\/dir\/wp-json\/wp\/v2\/autore?post=2630"},{"taxonomy":"casa-editrice","embeddable":true,"href":"https:\/\/www.premium-libraries.com\/dir\/wp-json\/wp\/v2\/casa-editrice?post=2630"},{"taxonomy":"dimensione","embeddable":true,"href":"https:\/\/www.premium-libraries.com\/dir\/wp-json\/wp\/v2\/dimensione?post=2630"},{"taxonomy":"ean","embeddable":true,"href":"https:\/\/www.premium-libraries.com\/dir\/wp-json\/wp\/v2\/ean?post=2630"},{"taxonomy":"isbn","embeddable":true,"href":"https:\/\/www.premium-libraries.com\/dir\/wp-json\/wp\/v2\/isbn?post=2630"},{"taxonomy":"lingua","embeddable":true,"href":"https:\/\/www.premium-libraries.com\/dir\/wp-json\/wp\/v2\/lingua?post=2630"},{"taxonomy":"pagina","embeddable":true,"href":"https:\/\/www.premium-libraries.com\/dir\/wp-json\/wp\/v2\/pagina?post=2630"},{"taxonomy":"peso","embeddable":true,"href":"https:\/\/www.premium-libraries.com\/dir\/wp-json\/wp\/v2\/peso?post=2630"},{"taxonomy":"product_brand","embeddable":true,"href":"https:\/\/www.premium-libraries.com\/dir\/wp-json\/wp\/v2\/product_brand?post=2630"},{"taxonomy":"product_cat","embeddable":true,"href":"https:\/\/www.premium-libraries.com\/dir\/wp-json\/wp\/v2\/product_cat?post=2630"},{"taxonomy":"product_tag","embeddable":true,"href":"https:\/\/www.premium-libraries.com\/dir\/wp-json\/wp\/v2\/product_tag?post=2630"}],"curies":[{"name":"wp","href":"https:\/\/api.w.org\/{rel}","templated":true}]}}