{"id":308,"date":"2023-08-15T19:20:37","date_gmt":"2023-08-15T19:20:37","guid":{"rendered":"https:\/\/www.premium-libraries.com\/dir\/?post_type=product&#038;p=308"},"modified":"2025-02-28T07:02:36","modified_gmt":"2025-02-28T07:02:36","slug":"donne-che-pensano-troppo","status":"publish","type":"product","link":"https:\/\/www.premium-libraries.com\/dir\/prodotto\/donne-che-pensano-troppo\/","title":{"rendered":"Donne che pensano troppo"},"content":{"rendered":"<p>\u00abIl mio cervello non si ferma mai.\u00bb Quante volte lo abbiamo detto o sentito dire? Molte donne conoscono fin troppo bene la sensazione di sentirsi soffocare da pensieri, emozioni, preoccupazioni che si accavallano fuori controllo.<br \/>\nChe cosa sto facendo della mia vita?<br \/>\nCosa pensano gli altri di me?<br \/>\nPerch\u00e9 non sono soddisfatta?<br \/>\nSar\u00f2 abbastanza in gamba?<br \/>\nIl mio compagno \u00e8 ancora interessato a me?<br \/>\nPerch\u00e9 mio figlio mi risponde male?<br \/>\nPerch\u00e9 mi sento cos\u00ec frustrata e ansiosa?<br \/>\nPensare troppo \u2013\u00a0<span class=\"a-text-italic\">ruminazione<\/span>\u00a0\u00e8 il termine corretto \u2013 \u00e8 in effetti prevalentemente una tendenza femminile. Un\u2019abitudine, o meglio una trappola, che come sappiamo non contribuisce a risolvere i problemi, anzi tiene la mente avviluppata in un circolo vizioso. Con conseguenze deleterie sull\u2019umore, l\u2019energia vitale, i rapporti interpersonali e persino la salute.<br \/>\nGrazie a questo chiaro ed efficace metodo, che ha gi\u00e0 aiutato milioni di donne a ritrovare la serenit\u00e0 della mente, dare un taglio ai pensieri negativi \u00e8 possibile. In tre illuminanti step impareremo a mettere in pausa il cervello, per riprendere in mano la nostra vita. Pi\u00f9 rilassate e cariche di energie positive, azzereremo gradualmente stress e ansia e miglioreremo le relazioni con il partner, i figli, gli amici, i colleghi. Per sperimentare finalmente la libert\u00e0 e la felicit\u00e0 di una mente serena.<\/p>\n","protected":false},"excerpt":{"rendered":"<p>\u00abIl mio cervello non si ferma mai.\u00bb Quante volte lo abbiamo detto o sentito dire? Molte donne conoscono fin troppo bene la sensazione di sentirsi soffocare da pensieri, emozioni, preoccupazioni che si accavallano fuori controllo.<br \/>\nChe cosa sto facendo della mia vita?<br \/>\nCosa pensano gli altri di me?<br \/>\nPerch\u00e9 non sono soddisfatta?<br \/>\nSar\u00f2 abbastanza in gamba?<\/p>\n","protected":false},"featured_media":341,"comment_status":"closed","ping_status":"closed","template":"","meta":{"_acf_changed":false,"_et_pb_use_builder":"","_et_pb_old_content":"","_et_gb_content_width":""},"anno":[34],"associate-link":[],"autore":[],"casa-editrice":[50],"dimensione":[],"ean":[],"isbn":[],"lingua":[39],"pagina":[],"peso":[],"product_brand":[],"product_cat":[15],"product_tag":[32,33],"class_list":{"0":"post-308","1":"product","2":"type-product","3":"status-publish","4":"has-post-thumbnail","6":"anno-34","7":"casa-editrice-libreria-pienogiorno","8":"lingua-italiano","9":"product_cat-senza-categoria","10":"product_tag-libro","11":"product_tag-soft-cover","13":"first","14":"instock","15":"shipping-taxable","16":"purchasable","17":"product-type-simple"},"acf":[],"jetpack_sharing_enabled":true,"_links":{"self":[{"href":"https:\/\/www.premium-libraries.com\/dir\/wp-json\/wp\/v2\/product\/308","targetHints":{"allow":["GET"]}}],"collection":[{"href":"https:\/\/www.premium-libraries.com\/dir\/wp-json\/wp\/v2\/product"}],"about":[{"href":"https:\/\/www.premium-libraries.com\/dir\/wp-json\/wp\/v2\/types\/product"}],"replies":[{"embeddable":true,"href":"https:\/\/www.premium-libraries.com\/dir\/wp-json\/wp\/v2\/comments?post=308"}],"wp:featuredmedia":[{"embeddable":true,"href":"https:\/\/www.premium-libraries.com\/dir\/wp-json\/wp\/v2\/media\/341"}],"wp:attachment":[{"href":"https:\/\/www.premium-libraries.com\/dir\/wp-json\/wp\/v2\/media?parent=308"}],"wp:term":[{"taxonomy":"anno","embeddable":true,"href":"https:\/\/www.premium-libraries.com\/dir\/wp-json\/wp\/v2\/anno?post=308"},{"taxonomy":"associate-link","embeddable":true,"href":"https:\/\/www.premium-libraries.com\/dir\/wp-json\/wp\/v2\/associate-link?post=308"},{"taxonomy":"autore","embeddable":true,"href":"https:\/\/www.premium-libraries.com\/dir\/wp-json\/wp\/v2\/autore?post=308"},{"taxonomy":"casa-editrice","embeddable":true,"href":"https:\/\/www.premium-libraries.com\/dir\/wp-json\/wp\/v2\/casa-editrice?post=308"},{"taxonomy":"dimensione","embeddable":true,"href":"https:\/\/www.premium-libraries.com\/dir\/wp-json\/wp\/v2\/dimensione?post=308"},{"taxonomy":"ean","embeddable":true,"href":"https:\/\/www.premium-libraries.com\/dir\/wp-json\/wp\/v2\/ean?post=308"},{"taxonomy":"isbn","embeddable":true,"href":"https:\/\/www.premium-libraries.com\/dir\/wp-json\/wp\/v2\/isbn?post=308"},{"taxonomy":"lingua","embeddable":true,"href":"https:\/\/www.premium-libraries.com\/dir\/wp-json\/wp\/v2\/lingua?post=308"},{"taxonomy":"pagina","embeddable":true,"href":"https:\/\/www.premium-libraries.com\/dir\/wp-json\/wp\/v2\/pagina?post=308"},{"taxonomy":"peso","embeddable":true,"href":"https:\/\/www.premium-libraries.com\/dir\/wp-json\/wp\/v2\/peso?post=308"},{"taxonomy":"product_brand","embeddable":true,"href":"https:\/\/www.premium-libraries.com\/dir\/wp-json\/wp\/v2\/product_brand?post=308"},{"taxonomy":"product_cat","embeddable":true,"href":"https:\/\/www.premium-libraries.com\/dir\/wp-json\/wp\/v2\/product_cat?post=308"},{"taxonomy":"product_tag","embeddable":true,"href":"https:\/\/www.premium-libraries.com\/dir\/wp-json\/wp\/v2\/product_tag?post=308"}],"curies":[{"name":"wp","href":"https:\/\/api.w.org\/{rel}","templated":true}]}}