{"id":3540,"date":"2025-05-03T18:56:03","date_gmt":"2025-05-03T18:56:03","guid":{"rendered":"https:\/\/www.premium-libraries.com\/dir\/?post_type=product&#038;p=3540"},"modified":"2025-05-03T18:56:03","modified_gmt":"2025-05-03T18:56:03","slug":"roberta-recchia-8","status":"publish","type":"product","link":"https:\/\/www.premium-libraries.com\/dir\/prodotto\/roberta-recchia-8\/","title":{"rendered":"Tutta la vita che resta"},"content":{"rendered":"<p>Uno strappo che sembrava impossibile da ricucire, una famiglia che nel corso degli anni ritrova la strada nella forza dei legami. Ci sono libri che ti entrano dentro, che ti accompagnano per mano nella vita di tutti i giorni. \u00c8 ci\u00f2 che succede con l\u2019esordio magnetico di Roberta Recchia, una storia da cui non ci si stacca, con protagonisti vivi, autentici. Come Marisa e Stelvio Ansaldo, che nella Roma degli anni Cinquanta si innamorano nella bottega del sor Ettore, il padre di lei. La loro \u00e8 una di quelle famiglie dei film d\u2019amore in bianco e nero, fino a quando, anni dopo, l\u2019adorata figlia sedicenne Betta \u2013 bellissima e intraprendente \u2013 viene uccisa sul litorale laziale, e tutti perdono il proprio centro. Quell\u2019affetto e quella complicit\u00e0 reciproca non ci sono pi\u00f9, solo la pena per la figlia persa per sempre. Nessuno sa, per\u00f2, che insieme a Betta sulla spiaggia c\u2019era sua cugina Miriam, al contrario timida e introversa, anche lei vittima di un\u2019indicibile violenza. Sullo sfondo di un\u2019indagine rallentata da omissioni e pregiudizi verso un\u2019adolescente che affrontava la vita con tutta l\u2019esuberanza della sua et\u00e0, Marisa e Miriam devono confrontarsi con il peso quotidiano della propria tragedia. Il segreto di quella notte diventa un macigno per Miriam fin quando \u2013 ormai al limite \u2013 l\u2019incontro con Leo, un giovane di borgata, porta una luce inaspettata: l\u2019inizio di un amore che fa breccia dove nessuno ha osato guardare. &#8220;Tutta la vita che resta&#8221; \u00e8 un romanzo dolcissimo, doloroso, accogliente, intimo e corale, che esplora i meccanismi della vergogna e del lutto, ma soprattutto dell\u2019affetto e della cura, e li fa emergere con delicatezza sapiente.<\/p>\n","protected":false},"excerpt":{"rendered":"<p>Uno strappo che sembrava impossibile da ricucire, una famiglia che nel corso degli anni ritrova la strada nella forza dei legami. Ci sono libri che ti entrano dentro, che ti accompagnano per mano nella vita di tutti i giorni. \u00c8 ci\u00f2 che succede con l\u2019esordio magnetico di Roberta Recchia, una storia da cui non ci [&hellip;]<\/p>\n","protected":false},"featured_media":3125,"comment_status":"open","ping_status":"closed","template":"","meta":{"_acf_changed":false,"_et_pb_use_builder":"","_et_pb_old_content":"","_et_gb_content_width":""},"anno":[367],"associate-link":[],"autore":[706],"casa-editrice":[65],"dimensione":[707],"ean":[708],"isbn":[],"lingua":[39],"pagina":[709],"peso":[253],"product_brand":[],"product_cat":[],"product_tag":[],"class_list":{"0":"post-3540","1":"product","2":"type-product","3":"status-publish","4":"has-post-thumbnail","6":"anno-29-10-2024","7":"autore-roberta-recchia","8":"casa-editrice-einaudi","9":"dimensione-15-x-3-8-x-21-5-cm","10":"ean-708","11":"lingua-italiano","12":"pagina-709","13":"peso-253","15":"first","16":"instock","17":"shipping-taxable","18":"purchasable","19":"product-type-simple"},"acf":[],"jetpack_sharing_enabled":true,"_links":{"self":[{"href":"https:\/\/www.premium-libraries.com\/dir\/wp-json\/wp\/v2\/product\/3540","targetHints":{"allow":["GET"]}}],"collection":[{"href":"https:\/\/www.premium-libraries.com\/dir\/wp-json\/wp\/v2\/product"}],"about":[{"href":"https:\/\/www.premium-libraries.com\/dir\/wp-json\/wp\/v2\/types\/product"}],"replies":[{"embeddable":true,"href":"https:\/\/www.premium-libraries.com\/dir\/wp-json\/wp\/v2\/comments?post=3540"}],"wp:featuredmedia":[{"embeddable":true,"href":"https:\/\/www.premium-libraries.com\/dir\/wp-json\/wp\/v2\/media\/3125"}],"wp:attachment":[{"href":"https:\/\/www.premium-libraries.com\/dir\/wp-json\/wp\/v2\/media?parent=3540"}],"wp:term":[{"taxonomy":"anno","embeddable":true,"href":"https:\/\/www.premium-libraries.com\/dir\/wp-json\/wp\/v2\/anno?post=3540"},{"taxonomy":"associate-link","embeddable":true,"href":"https:\/\/www.premium-libraries.com\/dir\/wp-json\/wp\/v2\/associate-link?post=3540"},{"taxonomy":"autore","embeddable":true,"href":"https:\/\/www.premium-libraries.com\/dir\/wp-json\/wp\/v2\/autore?post=3540"},{"taxonomy":"casa-editrice","embeddable":true,"href":"https:\/\/www.premium-libraries.com\/dir\/wp-json\/wp\/v2\/casa-editrice?post=3540"},{"taxonomy":"dimensione","embeddable":true,"href":"https:\/\/www.premium-libraries.com\/dir\/wp-json\/wp\/v2\/dimensione?post=3540"},{"taxonomy":"ean","embeddable":true,"href":"https:\/\/www.premium-libraries.com\/dir\/wp-json\/wp\/v2\/ean?post=3540"},{"taxonomy":"isbn","embeddable":true,"href":"https:\/\/www.premium-libraries.com\/dir\/wp-json\/wp\/v2\/isbn?post=3540"},{"taxonomy":"lingua","embeddable":true,"href":"https:\/\/www.premium-libraries.com\/dir\/wp-json\/wp\/v2\/lingua?post=3540"},{"taxonomy":"pagina","embeddable":true,"href":"https:\/\/www.premium-libraries.com\/dir\/wp-json\/wp\/v2\/pagina?post=3540"},{"taxonomy":"peso","embeddable":true,"href":"https:\/\/www.premium-libraries.com\/dir\/wp-json\/wp\/v2\/peso?post=3540"},{"taxonomy":"product_brand","embeddable":true,"href":"https:\/\/www.premium-libraries.com\/dir\/wp-json\/wp\/v2\/product_brand?post=3540"},{"taxonomy":"product_cat","embeddable":true,"href":"https:\/\/www.premium-libraries.com\/dir\/wp-json\/wp\/v2\/product_cat?post=3540"},{"taxonomy":"product_tag","embeddable":true,"href":"https:\/\/www.premium-libraries.com\/dir\/wp-json\/wp\/v2\/product_tag?post=3540"}],"curies":[{"name":"wp","href":"https:\/\/api.w.org\/{rel}","templated":true}]}}