{"id":3691,"date":"2025-12-16T19:20:23","date_gmt":"2025-12-16T19:20:23","guid":{"rendered":"https:\/\/www.premium-libraries.com\/dir\/?post_type=product&#038;p=3691"},"modified":"2025-12-16T19:29:18","modified_gmt":"2025-12-16T19:29:18","slug":"bozze-non-corrette-copertina-flessibile-3-giugno-2025","status":"publish","type":"product","link":"https:\/\/www.premium-libraries.com\/dir\/prodotto\/bozze-non-corrette-copertina-flessibile-3-giugno-2025\/","title":{"rendered":"Bozze non corrette Copertina flessibile \u2013 3 giugno 2025"},"content":{"rendered":"<p>&#8220;Questo libro \u00e8 pieno di errori, mille per la precisione: refusi (ma non di punteggiatura o sintassi, non sono cos\u00ec cattivo), errori lessicali e grammaticali, vocaboli sbagliati, errori fattuali, omissioni. E non \u00e8 colpa del povero correttore di bozze che ci ha lavorato. Gli errori li ho messi io, per giocare con voi come Niccol\u00f2 Errante faceva con me. Errante era un grande scrittore misterioso, enigmatico, che non amava apparire: nessuno sa esattamente neanche quando o dove \u00e8 nato. Avevo il privilegio di essere il correttore di bozze dei suoi romanzi e posso dire di essere stato anche un suo amico. E a un certo punto io e Niccol\u00f2 abbiamo iniziato a fare un gioco. Mi inviava brevi racconti pieni di errori da scovare, e quegli errori componevano un messaggio segreto. Ci abbiamo giocato fino alla sua morte o, per meglio dire, fino al suo suicidio: il 3 giugno 2025, dopo una riunione con la casa editrice, il mio scrittore preferito e mio amico, infatti, completamente ubriaco si \u00e8 buttato dal balcone di casa sua. Per\u00f2 io so che Errante non si \u00e8 suicidato e ho nascosto la verit\u00e0 nei mille errori disseminati in questo libro. E solo i pi\u00f9 scaltri tra voi che riusciranno a trovarli potranno ricomporre un messaggio segreto e risolvere il giallo della sua morte. Quanti di voi accetteranno la sfida?&#8221;.<\/p>\n","protected":false},"excerpt":{"rendered":"<p>&#8220;Questo libro \u00e8 pieno di errori, mille per la precisione: refusi (ma non di punteggiatura o sintassi, non sono cos\u00ec cattivo), errori lessicali e grammaticali, vocaboli sbagliati, errori fattuali, omissioni. E non \u00e8 colpa del povero correttore di bozze che ci ha lavorato. Gli errori li ho messi io, per giocare con voi come Niccol\u00f2 Errante faceva con me. Errante era un grande scrittore misterioso, enigmatico, che non amava apparire: nessuno sa esattamente neanche quando o dove \u00e8 nato. Avevo il privilegio di essere il correttore di bozze dei suoi romanzi e posso dire di essere stato anche un suo amico. E a un certo punto io e Niccol\u00f2 abbiamo iniziato a fare un gioco&#8221;.<\/p>\n","protected":false},"featured_media":3692,"comment_status":"open","ping_status":"closed","template":"","meta":{"_acf_changed":false,"_et_pb_use_builder":"","_et_pb_old_content":"","_et_gb_content_width":""},"anno":[759],"associate-link":[],"autore":[775,774],"casa-editrice":[109],"dimensione":[],"ean":[776],"isbn":[],"lingua":[39],"pagina":[],"peso":[],"product_brand":[],"product_cat":[307],"product_tag":[],"class_list":{"0":"post-3691","1":"product","2":"type-product","3":"status-publish","4":"has-post-thumbnail","6":"anno-759","7":"autore-pier-mauro-tamburini","8":"autore-stefano-bartezzaghi","9":"casa-editrice-mondadori","10":"ean-978-8804800569","11":"lingua-italiano","12":"product_cat-main-page","14":"first","15":"instock","16":"shipping-taxable","17":"product-type-external"},"acf":[],"jetpack_sharing_enabled":true,"_links":{"self":[{"href":"https:\/\/www.premium-libraries.com\/dir\/wp-json\/wp\/v2\/product\/3691","targetHints":{"allow":["GET"]}}],"collection":[{"href":"https:\/\/www.premium-libraries.com\/dir\/wp-json\/wp\/v2\/product"}],"about":[{"href":"https:\/\/www.premium-libraries.com\/dir\/wp-json\/wp\/v2\/types\/product"}],"replies":[{"embeddable":true,"href":"https:\/\/www.premium-libraries.com\/dir\/wp-json\/wp\/v2\/comments?post=3691"}],"wp:featuredmedia":[{"embeddable":true,"href":"https:\/\/www.premium-libraries.com\/dir\/wp-json\/wp\/v2\/media\/3692"}],"wp:attachment":[{"href":"https:\/\/www.premium-libraries.com\/dir\/wp-json\/wp\/v2\/media?parent=3691"}],"wp:term":[{"taxonomy":"anno","embeddable":true,"href":"https:\/\/www.premium-libraries.com\/dir\/wp-json\/wp\/v2\/anno?post=3691"},{"taxonomy":"associate-link","embeddable":true,"href":"https:\/\/www.premium-libraries.com\/dir\/wp-json\/wp\/v2\/associate-link?post=3691"},{"taxonomy":"autore","embeddable":true,"href":"https:\/\/www.premium-libraries.com\/dir\/wp-json\/wp\/v2\/autore?post=3691"},{"taxonomy":"casa-editrice","embeddable":true,"href":"https:\/\/www.premium-libraries.com\/dir\/wp-json\/wp\/v2\/casa-editrice?post=3691"},{"taxonomy":"dimensione","embeddable":true,"href":"https:\/\/www.premium-libraries.com\/dir\/wp-json\/wp\/v2\/dimensione?post=3691"},{"taxonomy":"ean","embeddable":true,"href":"https:\/\/www.premium-libraries.com\/dir\/wp-json\/wp\/v2\/ean?post=3691"},{"taxonomy":"isbn","embeddable":true,"href":"https:\/\/www.premium-libraries.com\/dir\/wp-json\/wp\/v2\/isbn?post=3691"},{"taxonomy":"lingua","embeddable":true,"href":"https:\/\/www.premium-libraries.com\/dir\/wp-json\/wp\/v2\/lingua?post=3691"},{"taxonomy":"pagina","embeddable":true,"href":"https:\/\/www.premium-libraries.com\/dir\/wp-json\/wp\/v2\/pagina?post=3691"},{"taxonomy":"peso","embeddable":true,"href":"https:\/\/www.premium-libraries.com\/dir\/wp-json\/wp\/v2\/peso?post=3691"},{"taxonomy":"product_brand","embeddable":true,"href":"https:\/\/www.premium-libraries.com\/dir\/wp-json\/wp\/v2\/product_brand?post=3691"},{"taxonomy":"product_cat","embeddable":true,"href":"https:\/\/www.premium-libraries.com\/dir\/wp-json\/wp\/v2\/product_cat?post=3691"},{"taxonomy":"product_tag","embeddable":true,"href":"https:\/\/www.premium-libraries.com\/dir\/wp-json\/wp\/v2\/product_tag?post=3691"}],"curies":[{"name":"wp","href":"https:\/\/api.w.org\/{rel}","templated":true}]}}