{"id":416,"date":"2023-09-27T18:07:01","date_gmt":"2023-09-27T18:07:01","guid":{"rendered":"https:\/\/www.premium-libraries.com\/dir\/?post_type=product&#038;p=416"},"modified":"2025-02-28T07:02:37","modified_gmt":"2025-02-28T07:02:37","slug":"il-figlio-sbagliato","status":"publish","type":"product","link":"https:\/\/www.premium-libraries.com\/dir\/prodotto\/il-figlio-sbagliato\/","title":{"rendered":"Figlio sbagliato (il)"},"content":{"rendered":"<p>A Fj\u00e4llbacka \u00e8 arrivato l\u2019autunno e una fitta nebbia grigia si rifiuta di mollare la stretta sulla costa. Anche se la maggior parte dei turisti \u00e8 gi\u00e0 andata via, in paese sono in corso i preparativi per un\u2019importante mostra fotografica: Rolf Stenklo, noto artista dello scatto, sta per esporre le sue opere pi\u00f9 personali, e la curiosit\u00e0 per cosa sveler\u00e0 l\u2019allestimento \u00e8 grande. Ma quando mancano solo due giorni all\u2019inaugurazione, qualcuno entra nella galleria e lo uccide. Poco dopo, anche la casa del celebre scrittore Henning Bauer, candidato al premio Nobel per la letteratura in pieno blocco creativo, \u00e8 sconvolta da un\u2019aggressione brutale. Difficile non pensare che i crimini siano in qualche modo legati. Tanto pi\u00f9 che i due uomini si conoscevano bene, essendo entrambi tra i fondatori del Blanche, un club culturale aperto a un ristretto numero di prescelti. Luogo di potere e contatti necessari a farsi strada nel cangiante mondo delle arti, il Blanche \u00e8 una tappa obbligata per chiunque sulla scena svedese voglia ottenere fama e visibilit\u00e0 con un romanzo, una raccolta di poesie o un\u2019installazione. Mentre le indagini di Patrik Hedstr\u00f6m e della sua squadra procedono a fatica, Erica \u00e8 alle prese con un nuovo libro. E nelle sue ricerche su un caso di omicidio che risale al 1980, riesce a trovare un collegamento proprio con il Blanche e le persone coinvolte negli eventi che hanno di recente scosso Fj\u00e4llbacka. A riprova che l\u2019eco delle menzogne risuona sempre a lungo.<\/p>\n","protected":false},"excerpt":{"rendered":"<p>A Fj\u00e4llbacka \u00e8 arrivato l\u2019autunno e una fitta nebbia grigia si rifiuta di mollare la stretta sulla costa. Anche se la maggior parte dei turisti \u00e8 gi\u00e0 andata via, in paese sono in corso i preparativi per un\u2019importante mostra fotografica: Rolf Stenklo, noto artista dello scatto, sta per esporre le sue opere pi\u00f9 personali, e la curiosit\u00e0 per cosa sveler\u00e0 l\u2019allestimento \u00e8 grande. Ma quando mancano solo due giorni all\u2019inaugurazione, qualcuno entra nella galleria e lo uccide. Poco dopo, anche la casa del celebre scrittore Henning Bauer, candidato al premio Nobel per la letteratura in pieno blocco creativo, \u00e8 sconvolta da un\u2019aggressione brutale. Difficile non pensare che i crimini siano in qualche modo legati. Tanto pi\u00f9 che<\/p>\n","protected":false},"featured_media":468,"comment_status":"closed","ping_status":"closed","template":"","meta":{"_acf_changed":false,"_et_pb_use_builder":"","_et_pb_old_content":"","_et_gb_content_width":""},"anno":[34],"associate-link":[],"autore":[131],"casa-editrice":[87],"dimensione":[88],"ean":[139],"isbn":[90],"lingua":[39],"pagina":[91],"peso":[92],"product_brand":[],"product_cat":[15],"product_tag":[32,33],"class_list":{"0":"post-416","1":"product","2":"type-product","3":"status-publish","4":"has-post-thumbnail","6":"anno-34","7":"autore-lackberg-camilla","8":"casa-editrice-marsilio","9":"dimensione-21-4-x-3-8-x-14-1","10":"ean-978-8829708598","11":"isbn-90","12":"lingua-italiano","13":"pagina-91","14":"peso-92","15":"product_cat-senza-categoria","16":"product_tag-libro","17":"product_tag-soft-cover","19":"first","20":"instock","21":"shipping-taxable","22":"purchasable","23":"product-type-simple"},"acf":[],"jetpack_sharing_enabled":true,"_links":{"self":[{"href":"https:\/\/www.premium-libraries.com\/dir\/wp-json\/wp\/v2\/product\/416","targetHints":{"allow":["GET"]}}],"collection":[{"href":"https:\/\/www.premium-libraries.com\/dir\/wp-json\/wp\/v2\/product"}],"about":[{"href":"https:\/\/www.premium-libraries.com\/dir\/wp-json\/wp\/v2\/types\/product"}],"replies":[{"embeddable":true,"href":"https:\/\/www.premium-libraries.com\/dir\/wp-json\/wp\/v2\/comments?post=416"}],"wp:featuredmedia":[{"embeddable":true,"href":"https:\/\/www.premium-libraries.com\/dir\/wp-json\/wp\/v2\/media\/468"}],"wp:attachment":[{"href":"https:\/\/www.premium-libraries.com\/dir\/wp-json\/wp\/v2\/media?parent=416"}],"wp:term":[{"taxonomy":"anno","embeddable":true,"href":"https:\/\/www.premium-libraries.com\/dir\/wp-json\/wp\/v2\/anno?post=416"},{"taxonomy":"associate-link","embeddable":true,"href":"https:\/\/www.premium-libraries.com\/dir\/wp-json\/wp\/v2\/associate-link?post=416"},{"taxonomy":"autore","embeddable":true,"href":"https:\/\/www.premium-libraries.com\/dir\/wp-json\/wp\/v2\/autore?post=416"},{"taxonomy":"casa-editrice","embeddable":true,"href":"https:\/\/www.premium-libraries.com\/dir\/wp-json\/wp\/v2\/casa-editrice?post=416"},{"taxonomy":"dimensione","embeddable":true,"href":"https:\/\/www.premium-libraries.com\/dir\/wp-json\/wp\/v2\/dimensione?post=416"},{"taxonomy":"ean","embeddable":true,"href":"https:\/\/www.premium-libraries.com\/dir\/wp-json\/wp\/v2\/ean?post=416"},{"taxonomy":"isbn","embeddable":true,"href":"https:\/\/www.premium-libraries.com\/dir\/wp-json\/wp\/v2\/isbn?post=416"},{"taxonomy":"lingua","embeddable":true,"href":"https:\/\/www.premium-libraries.com\/dir\/wp-json\/wp\/v2\/lingua?post=416"},{"taxonomy":"pagina","embeddable":true,"href":"https:\/\/www.premium-libraries.com\/dir\/wp-json\/wp\/v2\/pagina?post=416"},{"taxonomy":"peso","embeddable":true,"href":"https:\/\/www.premium-libraries.com\/dir\/wp-json\/wp\/v2\/peso?post=416"},{"taxonomy":"product_brand","embeddable":true,"href":"https:\/\/www.premium-libraries.com\/dir\/wp-json\/wp\/v2\/product_brand?post=416"},{"taxonomy":"product_cat","embeddable":true,"href":"https:\/\/www.premium-libraries.com\/dir\/wp-json\/wp\/v2\/product_cat?post=416"},{"taxonomy":"product_tag","embeddable":true,"href":"https:\/\/www.premium-libraries.com\/dir\/wp-json\/wp\/v2\/product_tag?post=416"}],"curies":[{"name":"wp","href":"https:\/\/api.w.org\/{rel}","templated":true}]}}