{"id":421,"date":"2023-10-08T20:20:05","date_gmt":"2023-10-08T20:20:05","guid":{"rendered":"https:\/\/www.premium-libraries.com\/dir\/?post_type=product&#038;p=421"},"modified":"2025-02-28T07:02:40","modified_gmt":"2025-02-28T07:02:40","slug":"holly","status":"publish","type":"product","link":"https:\/\/www.premium-libraries.com\/dir\/prodotto\/holly\/","title":{"rendered":"Holly"},"content":{"rendered":"<p>Quando Penny Dahl chiama l&#8217;agenzia Finders Keepers nella speranza che possano aiutarla a ritrovare la sua figlia scomparsa, Holly Gibney \u00e8 restia ad accettare il caso. Il suo socio, Pete, ha il Covid. Sua madre, con cui ha sempre avuto una relazione complicata, \u00e8 appena morta. E Holly dovrebbe essere in ferie. Ma c&#8217;\u00e8 qualcosa nella voce della signora Dahl che le impedisce di dirle di no. A pochi isolati di distanza dal punto in cui \u00e8 scomparsa Bonnie Dahl, vivono Rodney ed Emily Harris. Sono il ritratto della rispettabilit\u00e0 borghese: ottuagenari, sposati da una vita, professori universitari emeriti. Ma nello scantinato della loro casetta ordinata e piena di libri nascondono un orrendo segreto, che potrebbe avere a che fare con la scomparsa di Bonnie. \u00c8 quasi impossibile smascherare il loro piano criminale: i due vecchietti sono scaltri, sono pazienti. E sono spietati. Holly dovr\u00e0 fare appello a tutto il suo talento per superare in velocit\u00e0 e astuzia i due professori e le loro menti perversamente contorte.<\/p>\n","protected":false},"excerpt":{"rendered":"<p>Quando Penny Dahl chiama l&#8217;agenzia Finders Keepers nella speranza che possano aiutarla a ritrovare la sua figlia scomparsa, Holly Gibney \u00e8 restia ad accettare il caso. Il suo socio, Pete, ha il Covid. Sua madre, con cui ha sempre avuto una relazione complicata, \u00e8 appena morta. E Holly dovrebbe essere in ferie. Ma c&#8217;\u00e8 qualcosa nella voce della signora Dahl che le impedisce di dirle di no.<\/p>\n","protected":false},"featured_media":621,"comment_status":"closed","ping_status":"closed","template":"","meta":{"_acf_changed":false,"_et_pb_use_builder":"","_et_pb_old_content":"","_et_gb_content_width":""},"anno":[34],"associate-link":[],"autore":[153],"casa-editrice":[154],"dimensione":[155],"ean":[156],"isbn":[157],"lingua":[39],"pagina":[158],"peso":[159],"product_brand":[],"product_cat":[15],"product_tag":[32,33],"class_list":{"0":"post-421","1":"product","2":"type-product","3":"status-publish","4":"has-post-thumbnail","6":"anno-34","7":"autore-king-stephen","8":"casa-editrice-sperling-kupfer","9":"dimensione-15-x-4-4-x-22-5","10":"ean-978-8820077150","11":"isbn-157","12":"lingua-italiano","13":"pagina-158","14":"peso-159","15":"product_cat-senza-categoria","16":"product_tag-libro","17":"product_tag-soft-cover","19":"first","20":"instock","21":"shipping-taxable","22":"product-type-simple"},"acf":[],"jetpack_sharing_enabled":true,"_links":{"self":[{"href":"https:\/\/www.premium-libraries.com\/dir\/wp-json\/wp\/v2\/product\/421","targetHints":{"allow":["GET"]}}],"collection":[{"href":"https:\/\/www.premium-libraries.com\/dir\/wp-json\/wp\/v2\/product"}],"about":[{"href":"https:\/\/www.premium-libraries.com\/dir\/wp-json\/wp\/v2\/types\/product"}],"replies":[{"embeddable":true,"href":"https:\/\/www.premium-libraries.com\/dir\/wp-json\/wp\/v2\/comments?post=421"}],"wp:featuredmedia":[{"embeddable":true,"href":"https:\/\/www.premium-libraries.com\/dir\/wp-json\/wp\/v2\/media\/621"}],"wp:attachment":[{"href":"https:\/\/www.premium-libraries.com\/dir\/wp-json\/wp\/v2\/media?parent=421"}],"wp:term":[{"taxonomy":"anno","embeddable":true,"href":"https:\/\/www.premium-libraries.com\/dir\/wp-json\/wp\/v2\/anno?post=421"},{"taxonomy":"associate-link","embeddable":true,"href":"https:\/\/www.premium-libraries.com\/dir\/wp-json\/wp\/v2\/associate-link?post=421"},{"taxonomy":"autore","embeddable":true,"href":"https:\/\/www.premium-libraries.com\/dir\/wp-json\/wp\/v2\/autore?post=421"},{"taxonomy":"casa-editrice","embeddable":true,"href":"https:\/\/www.premium-libraries.com\/dir\/wp-json\/wp\/v2\/casa-editrice?post=421"},{"taxonomy":"dimensione","embeddable":true,"href":"https:\/\/www.premium-libraries.com\/dir\/wp-json\/wp\/v2\/dimensione?post=421"},{"taxonomy":"ean","embeddable":true,"href":"https:\/\/www.premium-libraries.com\/dir\/wp-json\/wp\/v2\/ean?post=421"},{"taxonomy":"isbn","embeddable":true,"href":"https:\/\/www.premium-libraries.com\/dir\/wp-json\/wp\/v2\/isbn?post=421"},{"taxonomy":"lingua","embeddable":true,"href":"https:\/\/www.premium-libraries.com\/dir\/wp-json\/wp\/v2\/lingua?post=421"},{"taxonomy":"pagina","embeddable":true,"href":"https:\/\/www.premium-libraries.com\/dir\/wp-json\/wp\/v2\/pagina?post=421"},{"taxonomy":"peso","embeddable":true,"href":"https:\/\/www.premium-libraries.com\/dir\/wp-json\/wp\/v2\/peso?post=421"},{"taxonomy":"product_brand","embeddable":true,"href":"https:\/\/www.premium-libraries.com\/dir\/wp-json\/wp\/v2\/product_brand?post=421"},{"taxonomy":"product_cat","embeddable":true,"href":"https:\/\/www.premium-libraries.com\/dir\/wp-json\/wp\/v2\/product_cat?post=421"},{"taxonomy":"product_tag","embeddable":true,"href":"https:\/\/www.premium-libraries.com\/dir\/wp-json\/wp\/v2\/product_tag?post=421"}],"curies":[{"name":"wp","href":"https:\/\/api.w.org\/{rel}","templated":true}]}}