{"id":462,"date":"2023-10-13T22:30:10","date_gmt":"2023-10-13T22:30:10","guid":{"rendered":"https:\/\/www.premium-libraries.com\/dir\/?post_type=product&#038;p=462"},"modified":"2025-02-28T07:02:41","modified_gmt":"2025-02-28T07:02:41","slug":"oro-puro","status":"publish","type":"product","link":"https:\/\/www.premium-libraries.com\/dir\/prodotto\/oro-puro\/","title":{"rendered":"Oro Puro"},"content":{"rendered":"<p>Palos, Spagna, agosto 1492. Nuno ha sedici anni, ed \u00e8 un granchio. O almeno questo \u00e8 il soprannome che gli ha dato sua madre, morta pochi mesi prima, di cui Nuno conserva un ricordo che \u00e8 dolore e luce insieme. Pur vivendo sul mare, Nuno non ha mai desiderato solcarlo, e preferisce guardarlo restando aggrappato alla terra, proprio come fanno i granchi. Finch\u00e9, per una serie di circostanze tanto sfortunate quanto casuali, deve imbarcarsi su una nave di cui ignora la destinazione. Si tratta della Santa Mar\u00eda, a bordo della quale Cristoforo Colombo scoprir\u00e0 &#8211; per caso e per sbaglio &#8211; il Nuovo Mondo. Mentre Nuno si render\u00e0 conto, lui che di navigazione non sa nulla, di condividere lo smarrimento coi suoi compagni molto pi\u00f9 esperti: tutti spaventati da quell&#8217;impresa folle e mai tentata prima. Avendo imparato dalla madre a leggere e scrivere, Nuno diventa lo scrivano di Colombo, e trascorrendo ore ad ascoltarlo sente crescere l&#8217;entusiasmo per i grandi sogni di questo imprevedibile esploratore visionario. Attraverso lo sguardo di Nuno, percorriamo il viaggio pi\u00f9 importante della storia dell&#8217;umanit\u00e0: i giorni infiniti prima di avvistare terra, fino alla scoperta di un mondo nuovo, una nuova umanit\u00e0, una nuova, diversa possibilit\u00e0 di intendere la vita. In questo Paradiso Terrestre, Nuno imparer\u00e0 quanta ferocia, quanta avidit\u00e0 possa motivare le scelte degli uomini, ma anche la forza irresistibile dell&#8217;amore, che lo travolger\u00e0 fino a sconvolgere i suoi giorni e le sue notti. In questo romanzo, Fabio Genovesi non solo ci racconta la navigazione di Colombo come mai \u00e8 stato fatto prima, ma ci cala dentro una grande avventura umana, esistenziale e sentimentale, che si snoda attraverso imprese, amori, crudelt\u00e0 spaventose e improvvise tenerezze, svelandoci come dietro la scoperta occidentale delle Americhe si nascondano violenze, soprusi e malintesi, ma soprattutto l&#8217;insopprimibile, eterno istinto degli uomini a prendere, consumare e distruggere tutto, persino se stessi.<\/p>\n","protected":false},"excerpt":{"rendered":"<p>Palos, Spagna, agosto 1492. Nuno ha sedici anni, ed \u00e8 un granchio. O almeno questo \u00e8 il soprannome che gli ha dato sua madre, morta pochi mesi prima, di cui Nuno conserva un ricordo che \u00e8 dolore e luce insieme. Pur vivendo sul mare, Nuno non ha mai desiderato solcarlo, e preferisce guardarlo restando aggrappato alla terra, proprio come fanno i granchi. Finch\u00e9, per una serie di circostanze tanto sfortunate quanto casuali, deve imbarcarsi su una nave di cui ignora la destinazione. Si tratta della Santa Mar\u00eda, a bordo della quale Cristoforo Colombo scoprir\u00e0 &#8211; per caso e per sbaglio &#8211; il Nuovo Mondo. Mentre Nuno si render\u00e0 conto, lui che di navigazione non sa nulla, di condividere lo smarrimento coi suoi compagni molto pi\u00f9 esperti: tutti spaventati da quell&#8217;impresa folle e mai tentata prima. Avendo imparato dalla madre a leggere e scrivere, Nuno diventa lo scrivano di Colombo, e trascorrendo ore ad ascoltarlo sente crescere l&#8217;entusiasmo per i grandi sogni di questo imprevedibile esploratore visionario. Attraverso lo sguardo di Nuno, percorriamo il viaggio pi\u00f9 importante della storia dell&#8217;umanit\u00e0: i giorni infiniti prima di avvistare terra, fino alla scoperta di un mondo nuovo, una nuova umanit\u00e0, una nuova, diversa possibilit\u00e0 di intendere la vita.<\/p>\n","protected":false},"featured_media":469,"comment_status":"closed","ping_status":"closed","template":"","meta":{"_acf_changed":false,"_et_pb_use_builder":"","_et_pb_old_content":"","_et_gb_content_width":""},"anno":[34],"associate-link":[],"autore":[108],"casa-editrice":[109],"dimensione":[110],"ean":[160],"isbn":[161],"lingua":[39],"pagina":[113],"peso":[114],"product_brand":[],"product_cat":[15],"product_tag":[32,33],"class_list":{"0":"post-462","1":"product","2":"type-product","3":"status-publish","4":"has-post-thumbnail","6":"anno-34","7":"autore-genovesi-fabio","8":"casa-editrice-mondadori","9":"dimensione-15-x-4-x-22-7","10":"ean-978-8804773566","11":"isbn-161","12":"lingua-italiano","13":"pagina-113","14":"peso-114","15":"product_cat-senza-categoria","16":"product_tag-libro","17":"product_tag-soft-cover","19":"first","20":"instock","21":"shipping-taxable","22":"purchasable","23":"product-type-simple"},"acf":[],"jetpack_sharing_enabled":true,"_links":{"self":[{"href":"https:\/\/www.premium-libraries.com\/dir\/wp-json\/wp\/v2\/product\/462","targetHints":{"allow":["GET"]}}],"collection":[{"href":"https:\/\/www.premium-libraries.com\/dir\/wp-json\/wp\/v2\/product"}],"about":[{"href":"https:\/\/www.premium-libraries.com\/dir\/wp-json\/wp\/v2\/types\/product"}],"replies":[{"embeddable":true,"href":"https:\/\/www.premium-libraries.com\/dir\/wp-json\/wp\/v2\/comments?post=462"}],"wp:featuredmedia":[{"embeddable":true,"href":"https:\/\/www.premium-libraries.com\/dir\/wp-json\/wp\/v2\/media\/469"}],"wp:attachment":[{"href":"https:\/\/www.premium-libraries.com\/dir\/wp-json\/wp\/v2\/media?parent=462"}],"wp:term":[{"taxonomy":"anno","embeddable":true,"href":"https:\/\/www.premium-libraries.com\/dir\/wp-json\/wp\/v2\/anno?post=462"},{"taxonomy":"associate-link","embeddable":true,"href":"https:\/\/www.premium-libraries.com\/dir\/wp-json\/wp\/v2\/associate-link?post=462"},{"taxonomy":"autore","embeddable":true,"href":"https:\/\/www.premium-libraries.com\/dir\/wp-json\/wp\/v2\/autore?post=462"},{"taxonomy":"casa-editrice","embeddable":true,"href":"https:\/\/www.premium-libraries.com\/dir\/wp-json\/wp\/v2\/casa-editrice?post=462"},{"taxonomy":"dimensione","embeddable":true,"href":"https:\/\/www.premium-libraries.com\/dir\/wp-json\/wp\/v2\/dimensione?post=462"},{"taxonomy":"ean","embeddable":true,"href":"https:\/\/www.premium-libraries.com\/dir\/wp-json\/wp\/v2\/ean?post=462"},{"taxonomy":"isbn","embeddable":true,"href":"https:\/\/www.premium-libraries.com\/dir\/wp-json\/wp\/v2\/isbn?post=462"},{"taxonomy":"lingua","embeddable":true,"href":"https:\/\/www.premium-libraries.com\/dir\/wp-json\/wp\/v2\/lingua?post=462"},{"taxonomy":"pagina","embeddable":true,"href":"https:\/\/www.premium-libraries.com\/dir\/wp-json\/wp\/v2\/pagina?post=462"},{"taxonomy":"peso","embeddable":true,"href":"https:\/\/www.premium-libraries.com\/dir\/wp-json\/wp\/v2\/peso?post=462"},{"taxonomy":"product_brand","embeddable":true,"href":"https:\/\/www.premium-libraries.com\/dir\/wp-json\/wp\/v2\/product_brand?post=462"},{"taxonomy":"product_cat","embeddable":true,"href":"https:\/\/www.premium-libraries.com\/dir\/wp-json\/wp\/v2\/product_cat?post=462"},{"taxonomy":"product_tag","embeddable":true,"href":"https:\/\/www.premium-libraries.com\/dir\/wp-json\/wp\/v2\/product_tag?post=462"}],"curies":[{"name":"wp","href":"https:\/\/api.w.org\/{rel}","templated":true}]}}