{"id":986,"date":"2023-11-01T20:26:35","date_gmt":"2023-11-01T20:26:35","guid":{"rendered":"https:\/\/www.premium-libraries.com\/dir\/?post_type=product&#038;p=986"},"modified":"2025-02-28T07:02:47","modified_gmt":"2025-02-28T07:02:47","slug":"murgia-michela","status":"publish","type":"product","link":"https:\/\/www.premium-libraries.com\/dir\/prodotto\/murgia-michela\/","title":{"rendered":"Tre ciotole. rituali per un anno di crisi"},"content":{"rendered":"<p>S&#8217;innamorano di una sagoma di cartone o di un pretoriano in miniatura, odiano i bambini pur portandoseli in grembo, lasciano una donna ma ne restano imprigionati, vomitano amore e rabbia, si tagliano, tradiscono, si ammalano. Sono alcuni dei personaggi del nuovo libro di Michela Murgia, un romanzo fatto di storie che si incastrano e in cui i protagonisti stanno attraversando un cambiamento radicale che costringe ciascuno di loro a forme inedite di sopravvivenza emotiva. &#8220;Una sera ti metti a tavola e la vita che conoscevi \u00e8 finita.&#8221; A volte a stravolgerla \u00e8 un lutto, una ferita, un licenziamento, una malattia, la perdita di una certezza o di un amore, ma \u00e8 sempre un mutamento d&#8217;orizzonte delle tue speranze che non lascia scampo. Attraversare quella linea di crisi mostra che spesso la migliore risposta a un disastro che non controlli \u00e8 un disastro che controlli, perch\u00e9 sei stato tu a generarlo. In stato di grazia, Murgia scrive per tutti noi un libro estremamente originale che rimanda a una costellazione di altri grandi libri: Il crollo di Fitzgerald, Lo zen e il tiro con l&#8217;arco di Herrigel e L&#8217;anno del pensiero magico di Didion.<\/p>\n","protected":false},"excerpt":{"rendered":"<p>S&#8217;innamorano di una sagoma di cartone o di un pretoriano in miniatura, odiano i bambini pur portandoseli in grembo, lasciano una donna ma ne restano imprigionati, vomitano amore e rabbia, si tagliano, tradiscono, si ammalano. Sono alcuni dei personaggi del nuovo libro di Michela Murgia, un romanzo fatto di storie che si incastrano e in cui i protagonisti stanno attraversando un cambiamento radicale che costringe ciascuno di loro a forme inedite di sopravvivenza emotiva.<\/p>\n","protected":false},"featured_media":0,"comment_status":"open","ping_status":"closed","template":"","meta":{"_acf_changed":false,"_et_pb_use_builder":"","_et_pb_old_content":"","_et_gb_content_width":""},"anno":[34],"associate-link":[],"autore":[178],"casa-editrice":[109],"dimensione":[179],"ean":[180],"isbn":[181],"lingua":[39],"pagina":[182],"peso":[183],"product_brand":[],"product_cat":[],"product_tag":[32,33],"class_list":{"0":"post-986","1":"product","2":"type-product","3":"status-publish","5":"anno-34","6":"autore-murgia-michela","7":"casa-editrice-mondadori","8":"dimensione-15-2-x-1-8-x-21-1","9":"ean-978-8804774891","10":"isbn-181","11":"lingua-italiano","12":"pagina-182","13":"peso-183","14":"product_tag-libro","15":"product_tag-soft-cover","17":"first","18":"instock","19":"shipping-taxable","20":"purchasable","21":"product-type-simple"},"acf":[],"jetpack_sharing_enabled":true,"_links":{"self":[{"href":"https:\/\/www.premium-libraries.com\/dir\/wp-json\/wp\/v2\/product\/986","targetHints":{"allow":["GET"]}}],"collection":[{"href":"https:\/\/www.premium-libraries.com\/dir\/wp-json\/wp\/v2\/product"}],"about":[{"href":"https:\/\/www.premium-libraries.com\/dir\/wp-json\/wp\/v2\/types\/product"}],"replies":[{"embeddable":true,"href":"https:\/\/www.premium-libraries.com\/dir\/wp-json\/wp\/v2\/comments?post=986"}],"wp:attachment":[{"href":"https:\/\/www.premium-libraries.com\/dir\/wp-json\/wp\/v2\/media?parent=986"}],"wp:term":[{"taxonomy":"anno","embeddable":true,"href":"https:\/\/www.premium-libraries.com\/dir\/wp-json\/wp\/v2\/anno?post=986"},{"taxonomy":"associate-link","embeddable":true,"href":"https:\/\/www.premium-libraries.com\/dir\/wp-json\/wp\/v2\/associate-link?post=986"},{"taxonomy":"autore","embeddable":true,"href":"https:\/\/www.premium-libraries.com\/dir\/wp-json\/wp\/v2\/autore?post=986"},{"taxonomy":"casa-editrice","embeddable":true,"href":"https:\/\/www.premium-libraries.com\/dir\/wp-json\/wp\/v2\/casa-editrice?post=986"},{"taxonomy":"dimensione","embeddable":true,"href":"https:\/\/www.premium-libraries.com\/dir\/wp-json\/wp\/v2\/dimensione?post=986"},{"taxonomy":"ean","embeddable":true,"href":"https:\/\/www.premium-libraries.com\/dir\/wp-json\/wp\/v2\/ean?post=986"},{"taxonomy":"isbn","embeddable":true,"href":"https:\/\/www.premium-libraries.com\/dir\/wp-json\/wp\/v2\/isbn?post=986"},{"taxonomy":"lingua","embeddable":true,"href":"https:\/\/www.premium-libraries.com\/dir\/wp-json\/wp\/v2\/lingua?post=986"},{"taxonomy":"pagina","embeddable":true,"href":"https:\/\/www.premium-libraries.com\/dir\/wp-json\/wp\/v2\/pagina?post=986"},{"taxonomy":"peso","embeddable":true,"href":"https:\/\/www.premium-libraries.com\/dir\/wp-json\/wp\/v2\/peso?post=986"},{"taxonomy":"product_brand","embeddable":true,"href":"https:\/\/www.premium-libraries.com\/dir\/wp-json\/wp\/v2\/product_brand?post=986"},{"taxonomy":"product_cat","embeddable":true,"href":"https:\/\/www.premium-libraries.com\/dir\/wp-json\/wp\/v2\/product_cat?post=986"},{"taxonomy":"product_tag","embeddable":true,"href":"https:\/\/www.premium-libraries.com\/dir\/wp-json\/wp\/v2\/product_tag?post=986"}],"curies":[{"name":"wp","href":"https:\/\/api.w.org\/{rel}","templated":true}]}}