{"id":987,"date":"2023-11-01T20:26:36","date_gmt":"2023-11-01T20:26:36","guid":{"rendered":"https:\/\/www.premium-libraries.com\/dir\/?post_type=product&#038;p=987"},"modified":"2025-02-28T07:02:48","modified_gmt":"2025-02-28T07:02:48","slug":"kingsley-felicia","status":"publish","type":"product","link":"https:\/\/www.premium-libraries.com\/dir\/prodotto\/kingsley-felicia\/","title":{"rendered":"Ragazza d&#8217;altri tempi (una)"},"content":{"rendered":"<p>A chi non piacerebbe vivere nella Londra di inizio \u2019800, tra balli, feste e inviti a corte? Di certo lo vorrebbe Rebecca Sheridan, perch\u00e9 a lei il ventunesimo secolo va stretto: vita frenetica, zero spazio personale e gli uomini&#8230; possibile che nessuno sappia corteggiare una ragazza?<br \/>\nBrillante studentessa di Egittologia e appassionata lettrice di romance Regency, Rebecca ama partecipare alle rievocazioni storiche in costume e, proprio durante una di queste, accade qualcosa di inspiegabile: si ritrova sbalzata nella Londra del 1816. Superato lo shock iniziale, realizza di avere un&#8217;opportunit\u00e0 unica: essere la debuttante pi\u00f9 contesa dagli scapoli dell\u2019alta societ\u00e0, tra t\u00e8, balli e passeggiate a Hyde Park. Mentre \u00e8 alla ricerca del suo Mr Darcy, attira per\u00f2 l\u2019attenzione dell\u2019uomo meno raccomandabile di Londra: Reedlan Knox, un corsaro dal fascino oscuro e dalla reputazione a dir poco scandalosa. Insomma, il genere d\u2019uomo che una signorina per bene non dovrebbe proprio frequentare. Ma quando Rebecca scopre segreti inconfessabili e trame losche dell\u2019aristocrazia, il suo senso di giustizia le impone d\u2019indagare. Nessuno per\u00f2 pare intenzionato a mettere a rischio il proprio onore per aiutarla. Non le resta che rivolgersi all\u2019unico che un onore da difendere non ce l\u2019ha: Reedlan Knox. E se, dopotutto, il corsaro si rivelasse pi\u00f9 interessante del gentiluomo che ha sempre sognato? Decidere se tornare nel presente o restare nel 1816 potrebbe diventare una scelta difficile&#8230;<\/p>\n","protected":false},"excerpt":{"rendered":"<p>A chi non piacerebbe vivere nella Londra di inizio \u2019800, tra balli, feste e inviti a corte? Di certo lo vorrebbe Rebecca Sheridan, perch\u00e9 a lei il ventunesimo secolo va stretto: vita frenetica, zero spazio personale e gli uomini&#8230; possibile che nessuno sappia corteggiare una ragazza?<br \/>\nBrillante studentessa di Egittologia e appassionata lettrice di romance Regency, Rebecca ama partecipare alle rievocazioni storiche in costume e,<\/p>\n","protected":false},"featured_media":0,"comment_status":"closed","ping_status":"closed","template":"","meta":{"_acf_changed":false,"_et_pb_use_builder":"","_et_pb_old_content":"","_et_gb_content_width":""},"anno":[34],"associate-link":[],"autore":[184],"casa-editrice":[185],"dimensione":[186],"ean":[187],"isbn":[188],"lingua":[39],"pagina":[158],"peso":[189],"product_brand":[],"product_cat":[15],"product_tag":[32,33],"class_list":{"0":"post-987","1":"product","2":"type-product","3":"status-publish","5":"anno-34","6":"autore-kingsley-felicia","7":"casa-editrice-newton-compton","8":"dimensione-14-5-x-4-3-x-22-6","9":"ean-978-8822778918","10":"isbn-882277891x","11":"lingua-italiano","12":"pagina-158","13":"peso-189","14":"product_cat-senza-categoria","15":"product_tag-libro","16":"product_tag-soft-cover","18":"first","19":"instock","20":"shipping-taxable","21":"purchasable","22":"product-type-simple"},"acf":[],"jetpack_sharing_enabled":true,"_links":{"self":[{"href":"https:\/\/www.premium-libraries.com\/dir\/wp-json\/wp\/v2\/product\/987","targetHints":{"allow":["GET"]}}],"collection":[{"href":"https:\/\/www.premium-libraries.com\/dir\/wp-json\/wp\/v2\/product"}],"about":[{"href":"https:\/\/www.premium-libraries.com\/dir\/wp-json\/wp\/v2\/types\/product"}],"replies":[{"embeddable":true,"href":"https:\/\/www.premium-libraries.com\/dir\/wp-json\/wp\/v2\/comments?post=987"}],"wp:attachment":[{"href":"https:\/\/www.premium-libraries.com\/dir\/wp-json\/wp\/v2\/media?parent=987"}],"wp:term":[{"taxonomy":"anno","embeddable":true,"href":"https:\/\/www.premium-libraries.com\/dir\/wp-json\/wp\/v2\/anno?post=987"},{"taxonomy":"associate-link","embeddable":true,"href":"https:\/\/www.premium-libraries.com\/dir\/wp-json\/wp\/v2\/associate-link?post=987"},{"taxonomy":"autore","embeddable":true,"href":"https:\/\/www.premium-libraries.com\/dir\/wp-json\/wp\/v2\/autore?post=987"},{"taxonomy":"casa-editrice","embeddable":true,"href":"https:\/\/www.premium-libraries.com\/dir\/wp-json\/wp\/v2\/casa-editrice?post=987"},{"taxonomy":"dimensione","embeddable":true,"href":"https:\/\/www.premium-libraries.com\/dir\/wp-json\/wp\/v2\/dimensione?post=987"},{"taxonomy":"ean","embeddable":true,"href":"https:\/\/www.premium-libraries.com\/dir\/wp-json\/wp\/v2\/ean?post=987"},{"taxonomy":"isbn","embeddable":true,"href":"https:\/\/www.premium-libraries.com\/dir\/wp-json\/wp\/v2\/isbn?post=987"},{"taxonomy":"lingua","embeddable":true,"href":"https:\/\/www.premium-libraries.com\/dir\/wp-json\/wp\/v2\/lingua?post=987"},{"taxonomy":"pagina","embeddable":true,"href":"https:\/\/www.premium-libraries.com\/dir\/wp-json\/wp\/v2\/pagina?post=987"},{"taxonomy":"peso","embeddable":true,"href":"https:\/\/www.premium-libraries.com\/dir\/wp-json\/wp\/v2\/peso?post=987"},{"taxonomy":"product_brand","embeddable":true,"href":"https:\/\/www.premium-libraries.com\/dir\/wp-json\/wp\/v2\/product_brand?post=987"},{"taxonomy":"product_cat","embeddable":true,"href":"https:\/\/www.premium-libraries.com\/dir\/wp-json\/wp\/v2\/product_cat?post=987"},{"taxonomy":"product_tag","embeddable":true,"href":"https:\/\/www.premium-libraries.com\/dir\/wp-json\/wp\/v2\/product_tag?post=987"}],"curies":[{"name":"wp","href":"https:\/\/api.w.org\/{rel}","templated":true}]}}