{"id":988,"date":"2023-11-01T20:26:36","date_gmt":"2023-11-01T20:26:36","guid":{"rendered":"https:\/\/www.premium-libraries.com\/dir\/?post_type=product&#038;p=988"},"modified":"2025-02-28T07:02:48","modified_gmt":"2025-02-28T07:02:48","slug":"gazzola-alessia","status":"publish","type":"product","link":"https:\/\/www.premium-libraries.com\/dir\/prodotto\/gazzola-alessia\/","title":{"rendered":"Piccola formalit\u00e0 (una)"},"content":{"rendered":"<p>Rachele sa bene che cosa va di moda e che cosa no, ed \u00e8 da sempre una grande esperta dei trend del momento al punto che l\u2019ha reso il proprio lavoro: nella Milano pi\u00f9 divertente, tra un aperitivo con gli amici nell\u2019ultimo locale aperto e un evento privato, lei scrive di lifestyle sulla notissima rivista\u00a0Chic&#038;Glam. Quindi se di eredit\u00e0, atti notarili e faccende giuridiche connesse non ne sa nulla \u00e8 ampiamente giustificata. Per esempio: perch\u00e9 mai dovrebbe fare come vuole suo padre e rinunciare a scatola chiusa all\u2019insolita propriet\u00e0 che suo zio le ha lasciato? Le sembra una follia e, in pi\u00f9, il suo intuito da giornalista le suggerisce che in quel lascito c\u2019\u00e8 qualcosa di interessante. Forse si sta lasciando suggestionare, ma sar\u00e0 che lo zio lei non se lo ricorda nemmeno, visto che era la pecora nera della famiglia; sar\u00e0 che suo padre si rifiuta persino di fare il suo nome; sar\u00e0 che le circostanze della sua morte non sembrano chiarissime\u2026 ma tutta questa storia la intriga, e non poco. Rachele rispolvera allora un vecchio contatto della sua rubrica, un compagno del liceo che per una curiosa coincidenza del destino \u00e8 diventato notaio. Al nome di Manfredi Malacarne risponde un trentenne affascinante e tremendamente disponibile\u2026 Proprio quando, per un\u2019altra curiosa coincidenza del destino, la storia con Alessio, il fidanzato storico, \u00e8 giunta a una svolta davvero sorprendente. Nel tentativo di svelare il mistero relativo all\u2019eredit\u00e0 e a certi segreti di famiglia, \u00adRachele si ritrover\u00e0 a capire che le cose che non sa sul mondo (e, soprattutto, su di lei) in realt\u00e0 sono molte di pi\u00f9 e che sar\u00e0 piuttosto entusiasmante scoprirle tutte\u2026<\/p>\n","protected":false},"excerpt":{"rendered":"<p>Rachele sa bene che cosa va di moda e che cosa no, ed \u00e8 da sempre una grande esperta dei trend del momento al punto che l\u2019ha reso il proprio lavoro: nella Milano pi\u00f9 divertente, tra un aperitivo con gli amici nell\u2019ultimo locale aperto e un evento privato, lei scrive di lifestyle sulla notissima rivista Chic&#038;Glam. Quindi se di eredit\u00e0, atti notarili e faccende giuridiche connesse non ne sa nulla \u00e8 ampiamente giustificata. Per esempio: perch\u00e9 mai dovrebbe fare come vuole suo padre e rinunciare a scatola chiusa all\u2019insolita propriet\u00e0 che suo zio le ha lasciato? Le sembra una follia e, in pi\u00f9, il suo intuito da giornalista le suggerisce che in quel lascito c\u2019\u00e8 qualcosa di interessante. <\/p>\n","protected":false},"featured_media":0,"comment_status":"open","ping_status":"closed","template":"","meta":{"_acf_changed":false,"_et_pb_use_builder":"","_et_pb_old_content":"","_et_gb_content_width":""},"anno":[34],"associate-link":[],"autore":[190],"casa-editrice":[81],"dimensione":[191],"ean":[192],"isbn":[193],"lingua":[39],"pagina":[145],"peso":[194],"product_brand":[],"product_cat":[],"product_tag":[32,33],"class_list":{"0":"post-988","1":"product","2":"type-product","3":"status-publish","5":"anno-34","6":"autore-gazzola-alessia","7":"casa-editrice-longanesi","8":"dimensione-22-3-x-3-8-x-15-1","9":"ean-978-8830460041","10":"isbn-193","11":"lingua-italiano","12":"pagina-145","13":"peso-194","14":"product_tag-libro","15":"product_tag-soft-cover","17":"first","18":"instock","19":"shipping-taxable","20":"purchasable","21":"product-type-simple"},"acf":[],"jetpack_sharing_enabled":true,"_links":{"self":[{"href":"https:\/\/www.premium-libraries.com\/dir\/wp-json\/wp\/v2\/product\/988","targetHints":{"allow":["GET"]}}],"collection":[{"href":"https:\/\/www.premium-libraries.com\/dir\/wp-json\/wp\/v2\/product"}],"about":[{"href":"https:\/\/www.premium-libraries.com\/dir\/wp-json\/wp\/v2\/types\/product"}],"replies":[{"embeddable":true,"href":"https:\/\/www.premium-libraries.com\/dir\/wp-json\/wp\/v2\/comments?post=988"}],"wp:attachment":[{"href":"https:\/\/www.premium-libraries.com\/dir\/wp-json\/wp\/v2\/media?parent=988"}],"wp:term":[{"taxonomy":"anno","embeddable":true,"href":"https:\/\/www.premium-libraries.com\/dir\/wp-json\/wp\/v2\/anno?post=988"},{"taxonomy":"associate-link","embeddable":true,"href":"https:\/\/www.premium-libraries.com\/dir\/wp-json\/wp\/v2\/associate-link?post=988"},{"taxonomy":"autore","embeddable":true,"href":"https:\/\/www.premium-libraries.com\/dir\/wp-json\/wp\/v2\/autore?post=988"},{"taxonomy":"casa-editrice","embeddable":true,"href":"https:\/\/www.premium-libraries.com\/dir\/wp-json\/wp\/v2\/casa-editrice?post=988"},{"taxonomy":"dimensione","embeddable":true,"href":"https:\/\/www.premium-libraries.com\/dir\/wp-json\/wp\/v2\/dimensione?post=988"},{"taxonomy":"ean","embeddable":true,"href":"https:\/\/www.premium-libraries.com\/dir\/wp-json\/wp\/v2\/ean?post=988"},{"taxonomy":"isbn","embeddable":true,"href":"https:\/\/www.premium-libraries.com\/dir\/wp-json\/wp\/v2\/isbn?post=988"},{"taxonomy":"lingua","embeddable":true,"href":"https:\/\/www.premium-libraries.com\/dir\/wp-json\/wp\/v2\/lingua?post=988"},{"taxonomy":"pagina","embeddable":true,"href":"https:\/\/www.premium-libraries.com\/dir\/wp-json\/wp\/v2\/pagina?post=988"},{"taxonomy":"peso","embeddable":true,"href":"https:\/\/www.premium-libraries.com\/dir\/wp-json\/wp\/v2\/peso?post=988"},{"taxonomy":"product_brand","embeddable":true,"href":"https:\/\/www.premium-libraries.com\/dir\/wp-json\/wp\/v2\/product_brand?post=988"},{"taxonomy":"product_cat","embeddable":true,"href":"https:\/\/www.premium-libraries.com\/dir\/wp-json\/wp\/v2\/product_cat?post=988"},{"taxonomy":"product_tag","embeddable":true,"href":"https:\/\/www.premium-libraries.com\/dir\/wp-json\/wp\/v2\/product_tag?post=988"}],"curies":[{"name":"wp","href":"https:\/\/api.w.org\/{rel}","templated":true}]}}