{"id":989,"date":"2023-11-01T20:26:37","date_gmt":"2023-11-01T20:26:37","guid":{"rendered":"https:\/\/www.premium-libraries.com\/dir\/?post_type=product&#038;p=989"},"modified":"2025-02-28T07:02:49","modified_gmt":"2025-02-28T07:02:49","slug":"corona-mauro","status":"publish","type":"product","link":"https:\/\/www.premium-libraries.com\/dir\/prodotto\/corona-mauro\/","title":{"rendered":"Altalene (le)"},"content":{"rendered":"<p>Dal giorno in cui, sessant\u2019anni fa, piovve terra sulla terra, e terra nell\u2019acqua, e terra su duemila anime morte, di cui quattrocentottantasette bambini, a Erto il tempo ha continuato a oscillare tra dolore e speranza di rinascita, ricordi tragici e difficili presenti, memoria di una povert\u00e0 aspra e dura ma viva e vitale che si riflette nel benessere vuoto e triste dell\u2019oggi. La voce narrante di questo romanzo lirico, struggente, ferocemente intimo, conduce il lettore in un continuo andare e venire su e gi\u00f9 nel tempo: il vecchio ricorda e racconta il suo mondo com\u2019era, prima che la cieca avidit\u00e0 dell\u2019uomo lo distruggesse, e insieme racconta la sua vita, l\u2019infanzia e la prima adolescenza, la spensieratezza di tre fratelli che si alterna alla incomprensibile violenza della vita famigliare, e che si deve misurare con il tormento di una comunit\u00e0 stravolta dal dolore. E poi la maturit\u00e0 e la vecchiaia, il presente, che porta su di s\u00e9 il peso di una vita intera: e il simbolo di tutto questo sono le altalene del paese, che il narratore ricorda nel loro oscillare gioioso tra le grida felici dei bambini, e che vede oggi ferme, vuote, arrugginite. Un racconto poetico e sentitissimo, in cui Corona lascia libero il flusso dei ricordi e si concede ai suoi lettori con assoluta e generosa sincerit\u00e0. I suoi luoghi, Erto, la diga, la montagna, cos\u00ec come le persone della sua vita, vengono filtrati dal tempo passato, e forse perduto, in un romanzo-monologo dove la profondit\u00e0 e il fascino del racconto sono impreziositi da una voce narrante sempre pi\u00f9 risolta e convincente.<\/p>\n","protected":false},"excerpt":{"rendered":"<p>Dal giorno in cui, sessant\u2019anni fa, piovve terra sulla terra, e terra nell\u2019acqua, e terra su duemila anime morte, di cui quattrocentottantasette bambini, a Erto il tempo ha continuato a oscillare tra dolore e speranza di rinascita, ricordi tragici e difficili presenti, memoria di una povert\u00e0 aspra e dura ma viva e vitale che si riflette nel benessere vuoto e triste dell\u2019oggi. La voce narrante di questo romanzo lirico, struggente, ferocemente intimo, conduce il lettore in un continuo andare e venire su e gi\u00f9 nel tempo: il vecchio ricorda e racconta il suo mondo com\u2019era, prima che la cieca avidit\u00e0 dell\u2019uomo lo distruggesse, e insieme racconta la sua vita, l\u2019infanzia e la prima adolescenza, la spensieratezza di tre fratelli che si alterna alla incomprensibile violenza della vita famigliare, <\/p>\n","protected":false},"featured_media":0,"comment_status":"open","ping_status":"closed","template":"","meta":{"_acf_changed":false,"_et_pb_use_builder":"","_et_pb_old_content":"","_et_gb_content_width":""},"anno":[34],"associate-link":[],"autore":[195],"casa-editrice":[109],"dimensione":[196],"ean":[197],"isbn":[198],"lingua":[39],"pagina":[199],"peso":[146],"product_brand":[],"product_cat":[],"product_tag":[177,32],"class_list":{"0":"post-989","1":"product","2":"type-product","3":"status-publish","5":"anno-34","6":"autore-corona-mauro","7":"casa-editrice-mondadori","8":"dimensione-14-8-x-2-4-x-22-5","9":"ean-978-8804761327","10":"isbn-198","11":"lingua-italiano","12":"pagina-199","13":"peso-146","14":"product_tag-hard-cover","15":"product_tag-libro","17":"first","18":"instock","19":"shipping-taxable","20":"purchasable","21":"product-type-simple"},"acf":[],"jetpack_sharing_enabled":true,"_links":{"self":[{"href":"https:\/\/www.premium-libraries.com\/dir\/wp-json\/wp\/v2\/product\/989","targetHints":{"allow":["GET"]}}],"collection":[{"href":"https:\/\/www.premium-libraries.com\/dir\/wp-json\/wp\/v2\/product"}],"about":[{"href":"https:\/\/www.premium-libraries.com\/dir\/wp-json\/wp\/v2\/types\/product"}],"replies":[{"embeddable":true,"href":"https:\/\/www.premium-libraries.com\/dir\/wp-json\/wp\/v2\/comments?post=989"}],"wp:attachment":[{"href":"https:\/\/www.premium-libraries.com\/dir\/wp-json\/wp\/v2\/media?parent=989"}],"wp:term":[{"taxonomy":"anno","embeddable":true,"href":"https:\/\/www.premium-libraries.com\/dir\/wp-json\/wp\/v2\/anno?post=989"},{"taxonomy":"associate-link","embeddable":true,"href":"https:\/\/www.premium-libraries.com\/dir\/wp-json\/wp\/v2\/associate-link?post=989"},{"taxonomy":"autore","embeddable":true,"href":"https:\/\/www.premium-libraries.com\/dir\/wp-json\/wp\/v2\/autore?post=989"},{"taxonomy":"casa-editrice","embeddable":true,"href":"https:\/\/www.premium-libraries.com\/dir\/wp-json\/wp\/v2\/casa-editrice?post=989"},{"taxonomy":"dimensione","embeddable":true,"href":"https:\/\/www.premium-libraries.com\/dir\/wp-json\/wp\/v2\/dimensione?post=989"},{"taxonomy":"ean","embeddable":true,"href":"https:\/\/www.premium-libraries.com\/dir\/wp-json\/wp\/v2\/ean?post=989"},{"taxonomy":"isbn","embeddable":true,"href":"https:\/\/www.premium-libraries.com\/dir\/wp-json\/wp\/v2\/isbn?post=989"},{"taxonomy":"lingua","embeddable":true,"href":"https:\/\/www.premium-libraries.com\/dir\/wp-json\/wp\/v2\/lingua?post=989"},{"taxonomy":"pagina","embeddable":true,"href":"https:\/\/www.premium-libraries.com\/dir\/wp-json\/wp\/v2\/pagina?post=989"},{"taxonomy":"peso","embeddable":true,"href":"https:\/\/www.premium-libraries.com\/dir\/wp-json\/wp\/v2\/peso?post=989"},{"taxonomy":"product_brand","embeddable":true,"href":"https:\/\/www.premium-libraries.com\/dir\/wp-json\/wp\/v2\/product_brand?post=989"},{"taxonomy":"product_cat","embeddable":true,"href":"https:\/\/www.premium-libraries.com\/dir\/wp-json\/wp\/v2\/product_cat?post=989"},{"taxonomy":"product_tag","embeddable":true,"href":"https:\/\/www.premium-libraries.com\/dir\/wp-json\/wp\/v2\/product_tag?post=989"}],"curies":[{"name":"wp","href":"https:\/\/api.w.org\/{rel}","templated":true}]}}